{"id":83,"date":"2017-01-31T20:27:19","date_gmt":"2017-01-31T19:27:19","guid":{"rendered":"http:\/\/xonit.eu\/utwswce\/?page_id=83"},"modified":"2024-08-03T13:56:34","modified_gmt":"2024-08-03T11:56:34","slug":"nasi-partnerzy","status":"publish","type":"page","link":"https:\/\/xonit.eu\/utwswce\/nasi-partnerzy\/","title":{"rendered":"Nasi partnerzy"},"content":{"rendered":"<p><img loading=\"lazy\" decoding=\"async\" class=\"alignnone size-medium wp-image-3329 aligncenter\" src=\"http:\/\/xonit.eu\/utwswce\/wp-content\/uploads\/2023\/08\/logotyp_swietochlowice-300x106.png\" alt=\"\" width=\"300\" height=\"106\" srcset=\"https:\/\/xonit.eu\/utwswce\/wp-content\/uploads\/2023\/08\/logotyp_swietochlowice-300x106.png 300w, https:\/\/xonit.eu\/utwswce\/wp-content\/uploads\/2023\/08\/logotyp_swietochlowice-1024x361.png 1024w, https:\/\/xonit.eu\/utwswce\/wp-content\/uploads\/2023\/08\/logotyp_swietochlowice-768x271.png 768w, https:\/\/xonit.eu\/utwswce\/wp-content\/uploads\/2023\/08\/logotyp_swietochlowice-500x176.png 500w, https:\/\/xonit.eu\/utwswce\/wp-content\/uploads\/2023\/08\/logotyp_swietochlowice-800x282.png 800w, https:\/\/xonit.eu\/utwswce\/wp-content\/uploads\/2023\/08\/logotyp_swietochlowice-1280x452.png 1280w, https:\/\/xonit.eu\/utwswce\/wp-content\/uploads\/2023\/08\/logotyp_swietochlowice-750x265.png 750w, https:\/\/xonit.eu\/utwswce\/wp-content\/uploads\/2023\/08\/logotyp_swietochlowice.png 1377w\" sizes=\"auto, (max-width: 300px) 100vw, 300px\" \/><\/p>\n<p style=\"text-align: center;\"><strong>Samorz\u0105d \u015bwi\u0119toch\u0142owicki<\/strong><\/p>\n<p><img loading=\"lazy\" decoding=\"async\" class=\" wp-image-467 aligncenter\" src=\"http:\/\/xonit.eu\/utwswce\/wp-content\/uploads\/2017\/01\/ogolnopolska_federacja_utw_nowy_sacz.jpg\" alt=\"\" width=\"204\" height=\"184\" \/><\/p>\n<p style=\"text-align: center;\"><strong>Og\u00f3lnopolska Federacja UTW w Nowym S\u0105czu<\/strong><\/p>\n<p style=\"text-align: center;\">\u00a0<\/p>\n<div class=\"wp-block-image\">\u00a0<\/div>\n<div style=\"text-align: center;\">\n<div class=\"wp-block-image\"><img loading=\"lazy\" decoding=\"async\" class=\"wpa-warning wpa-image-missing-alt alignnone size-medium wp-image-3882\" src=\"http:\/\/xonit.eu\/utwswce\/wp-content\/uploads\/2024\/08\/demarko_logo_cmyk-300x140.png\" alt=\"\" width=\"300\" height=\"140\" data-warning=\"Missing alt text\" srcset=\"https:\/\/xonit.eu\/utwswce\/wp-content\/uploads\/2024\/08\/demarko_logo_cmyk-300x140.png 300w, https:\/\/xonit.eu\/utwswce\/wp-content\/uploads\/2024\/08\/demarko_logo_cmyk-1024x477.png 1024w, https:\/\/xonit.eu\/utwswce\/wp-content\/uploads\/2024\/08\/demarko_logo_cmyk-768x357.png 768w, https:\/\/xonit.eu\/utwswce\/wp-content\/uploads\/2024\/08\/demarko_logo_cmyk-500x233.png 500w, https:\/\/xonit.eu\/utwswce\/wp-content\/uploads\/2024\/08\/demarko_logo_cmyk-800x372.png 800w, https:\/\/xonit.eu\/utwswce\/wp-content\/uploads\/2024\/08\/demarko_logo_cmyk-750x349.png 750w, https:\/\/xonit.eu\/utwswce\/wp-content\/uploads\/2024\/08\/demarko_logo_cmyk.png 1186w\" sizes=\"auto, (max-width: 300px) 100vw, 300px\" \/><\/div>\n<\/div>\n<p style=\"text-align: center;\"><strong>DEMARKO<\/strong><\/p>\n<p><img loading=\"lazy\" decoding=\"async\" class=\"size-medium wp-image-466 aligncenter\" src=\"http:\/\/xonit.eu\/utwswce\/wp-content\/uploads\/2017\/01\/logotyp_ofundacja_rozwoju_swietochlowice-300x99.jpg\" alt=\"\" width=\"300\" height=\"99\" srcset=\"https:\/\/xonit.eu\/utwswce\/wp-content\/uploads\/2017\/01\/logotyp_ofundacja_rozwoju_swietochlowice-300x99.jpg 300w, https:\/\/xonit.eu\/utwswce\/wp-content\/uploads\/2017\/01\/logotyp_ofundacja_rozwoju_swietochlowice.jpg 349w\" sizes=\"auto, (max-width: 300px) 100vw, 300px\" \/><\/p>\n<p style=\"text-align: center;\"><strong>Fundacja Rozwoju dla \u015awi\u0119toch\u0142owic<\/strong><\/p>\n<p><img loading=\"lazy\" decoding=\"async\" class=\"size-full wp-image-468 aligncenter\" src=\"http:\/\/xonit.eu\/utwswce\/wp-content\/uploads\/2017\/01\/pzerii.gif\" alt=\"\" width=\"199\" height=\"91\" \/><\/p>\n<p style=\"text-align: center;\"><strong>Ko\u0142o Zwi\u0105zku Emeryt\u00f3w, Rencist\u00f3w i Inwalid\u00f3w w \u015awi\u0119toch\u0142owicach<\/strong><\/p>\n\n<div class=\"wp-block-image\">\n<figure class=\"aligncenter size-full is-resized\"><img loading=\"lazy\" decoding=\"async\" width=\"135\" height=\"84\" src=\"http:\/\/xonit.eu\/utwswce\/wp-content\/uploads\/2023\/08\/logo.png\" alt=\"\" class=\"wp-image-3332\" style=\"width:203px;height:126px\"\/><\/figure>\n<\/div>\n\n\n<p class=\"has-text-align-center\"><strong>Chorzowsko-\u015awi\u0119toch\u0142owickie Przedsi\u0119biorstwo Wodoci\u0105g\u00f3w i Kanalizacji Sp. z o.o.<\/strong><\/p>\n\n\n<div class=\"wp-block-image\">\n<figure class=\"aligncenter size-full is-resized\"><img loading=\"lazy\" decoding=\"async\" width=\"292\" height=\"47\" src=\"http:\/\/xonit.eu\/utwswce\/wp-content\/uploads\/2023\/08\/logo-delta.png\" alt=\"\" class=\"wp-image-3334\" style=\"width:435px;height:70px\"\/><\/figure>\n<\/div>\n\n\n<p class=\"has-text-align-center\"><strong>DELTA TRANS TRANSPORTE SP Z O.O.<\/strong><\/p>\n\n\n<div class=\"wp-block-image\">\n<figure class=\"aligncenter size-full is-resized\"><img loading=\"lazy\" decoding=\"async\" width=\"290\" height=\"53\" src=\"http:\/\/xonit.eu\/utwswce\/wp-content\/uploads\/2023\/08\/pbm_logo_www.png\" alt=\"\" class=\"wp-image-3335\" style=\"width:361px;height:66px\"\/><\/figure>\n<\/div>\n\n\n<p class=\"has-text-align-center\"><strong>Przedsi\u0119biorstwo Budowlano \u2013 Monta\u017cowe \u201ePERFEKT\u201d Serkies Miros\u0142aw<\/strong><\/p>\n\n\n<div class=\"wp-block-image\">\n<figure class=\"aligncenter size-full is-resized\"><img loading=\"lazy\" decoding=\"async\" width=\"336\" height=\"57\" src=\"http:\/\/xonit.eu\/utwswce\/wp-content\/uploads\/2023\/08\/logo_zarzecki.webp\" alt=\"\" class=\"wp-image-3338\" style=\"width:424px;height:72px\" srcset=\"https:\/\/xonit.eu\/utwswce\/wp-content\/uploads\/2023\/08\/logo_zarzecki.webp 336w, https:\/\/xonit.eu\/utwswce\/wp-content\/uploads\/2023\/08\/logo_zarzecki-300x51.webp 300w\" sizes=\"auto, (max-width: 336px) 100vw, 336px\" \/><\/figure>\n<\/div>\n\n\n<p class=\"has-text-align-center\"><strong>Us\u0142ugi Transportowe Krzysztof Zarzecki, \u015awi\u0119toch\u0142owice<\/strong><\/p>\n","protected":false},"excerpt":{"rendered":"<div class=\"mh-excerpt\"><p>Samorz\u0105d \u015bwi\u0119toch\u0142owicki Og\u00f3lnopolska Federacja UTW w Nowym S\u0105czu \u00a0 \u00a0 DEMARKO Fundacja Rozwoju dla \u015awi\u0119toch\u0142owic Ko\u0142o Zwi\u0105zku Emeryt\u00f3w, Rencist\u00f3w i Inwalid\u00f3w w \u015awi\u0119toch\u0142owicach Chorzowsko-\u015awi\u0119toch\u0142owickie Przedsi\u0119biorstwo <a class=\"mh-excerpt-more\" href=\"https:\/\/xonit.eu\/utwswce\/nasi-partnerzy\/\" title=\"Nasi partnerzy\">[&#8230;]<\/a><\/p>\n<\/div>","protected":false},"author":1,"featured_media":0,"parent":0,"menu_order":0,"comment_status":"closed","ping_status":"closed","template":"","meta":{"_vp_format_video_url":"","_vp_image_focal_point":[],"footnotes":""},"class_list":["post-83","page","type-page","status-publish","hentry"],"_links":{"self":[{"href":"https:\/\/xonit.eu\/utwswce\/wp-json\/wp\/v2\/pages\/83","targetHints":{"allow":["GET"]}}],"collection":[{"href":"https:\/\/xonit.eu\/utwswce\/wp-json\/wp\/v2\/pages"}],"about":[{"href":"https:\/\/xonit.eu\/utwswce\/wp-json\/wp\/v2\/types\/page"}],"author":[{"embeddable":true,"href":"https:\/\/xonit.eu\/utwswce\/wp-json\/wp\/v2\/users\/1"}],"replies":[{"embeddable":true,"href":"https:\/\/xonit.eu\/utwswce\/wp-json\/wp\/v2\/comments?post=83"}],"version-history":[{"count":6,"href":"https:\/\/xonit.eu\/utwswce\/wp-json\/wp\/v2\/pages\/83\/revisions"}],"predecessor-version":[{"id":3884,"href":"https:\/\/xonit.eu\/utwswce\/wp-json\/wp\/v2\/pages\/83\/revisions\/3884"}],"wp:attachment":[{"href":"https:\/\/xonit.eu\/utwswce\/wp-json\/wp\/v2\/media?parent=83"}],"curies":[{"name":"wp","href":"https:\/\/api.w.org\/{rel}","templated":true}]}}