{"id":80,"date":"2017-01-31T20:26:38","date_gmt":"2017-01-31T19:26:38","guid":{"rendered":"http:\/\/xonit.eu\/utwswce\/?page_id=80"},"modified":"2023-08-09T13:52:00","modified_gmt":"2023-08-09T11:52:00","slug":"rada-programowa","status":"publish","type":"page","link":"https:\/\/xonit.eu\/utwswce\/rada-programowa\/","title":{"rendered":"Rada programowa UTW"},"content":{"rendered":"<p><strong>dr Helena Hrapkiewicz &#8211; Przewodnicz\u0105ca<\/strong><\/p>\n<p><strong>prof. dr hab. n. med. Jan Grzesik<\/strong><\/p>\n<p><strong>dr Barbara Lewicka &#8211; <\/strong>Uniwersytet \u015al\u0105ski<\/p>\n<p><strong>dr Anna \u017burek<\/strong><\/p>\n<p><strong>red. Grzegorz Grzegorek<\/strong><\/p>\n","protected":false},"excerpt":{"rendered":"<div class=\"mh-excerpt\"><p>dr Helena Hrapkiewicz &#8211; Przewodnicz\u0105ca prof. dr hab. n. med. Jan Grzesik dr Barbara Lewicka &#8211; Uniwersytet \u015al\u0105ski dr Anna \u017burek red. Grzegorz Grzegorek<\/p>\n<\/div>","protected":false},"author":1,"featured_media":0,"parent":0,"menu_order":0,"comment_status":"closed","ping_status":"closed","template":"","meta":{"_vp_format_video_url":"","_vp_image_focal_point":[],"footnotes":""},"class_list":["post-80","page","type-page","status-publish","hentry"],"_links":{"self":[{"href":"https:\/\/xonit.eu\/utwswce\/wp-json\/wp\/v2\/pages\/80","targetHints":{"allow":["GET"]}}],"collection":[{"href":"https:\/\/xonit.eu\/utwswce\/wp-json\/wp\/v2\/pages"}],"about":[{"href":"https:\/\/xonit.eu\/utwswce\/wp-json\/wp\/v2\/types\/page"}],"author":[{"embeddable":true,"href":"https:\/\/xonit.eu\/utwswce\/wp-json\/wp\/v2\/users\/1"}],"replies":[{"embeddable":true,"href":"https:\/\/xonit.eu\/utwswce\/wp-json\/wp\/v2\/comments?post=80"}],"version-history":[{"count":7,"href":"https:\/\/xonit.eu\/utwswce\/wp-json\/wp\/v2\/pages\/80\/revisions"}],"predecessor-version":[{"id":3321,"href":"https:\/\/xonit.eu\/utwswce\/wp-json\/wp\/v2\/pages\/80\/revisions\/3321"}],"wp:attachment":[{"href":"https:\/\/xonit.eu\/utwswce\/wp-json\/wp\/v2\/media?parent=80"}],"curies":[{"name":"wp","href":"https:\/\/api.w.org\/{rel}","templated":true}]}}