{"id":71,"date":"2017-01-31T20:19:16","date_gmt":"2017-01-31T19:19:16","guid":{"rendered":"http:\/\/xonit.eu\/utwswce\/?page_id=71"},"modified":"2022-09-26T12:55:55","modified_gmt":"2022-09-26T10:55:55","slug":"komisja-rewizyjna","status":"publish","type":"page","link":"https:\/\/xonit.eu\/utwswce\/komisja-rewizyjna\/","title":{"rendered":"Komisja Rewizyjna"},"content":{"rendered":"<p><strong>Regina Pasternak<\/strong> &#8211; Przewodnicz\u0105ca<\/p>\n<p><strong>Zofia Dru\u017cd\u017c<\/strong> &#8211; Zast\u0119pca przewodnicz\u0105cej<\/p>\n<p><strong>Jerzy Kryczka<\/strong> &#8211; Sekretarz<\/p>\n<p style=\"text-align: center;\"><a href=\"http:\/\/xonit.eu\/utwswce\/wp-content\/uploads\/2022\/09\/regulamin_komisji_rewizyjnej_utw_swietochlowice.pdf\">Regulamin Komisji Rewizyjnej<\/a><\/p>\n<hr \/>\n<h6 style=\"text-align: center;\"><em>Do przegl\u0105dania i drukowania plik\u00f3w w formacie PDF niezb\u0119dny jest program Adobe Acrobat Reader, kt\u00f3ry mo\u017cna pobra\u0107 bezp\u0142atnie ze strony <\/em><a href=\"http:\/\/www.adobe.com\/\"><em>www.adobe.com<\/em><\/a><\/h6>\n\n\n<p><\/p>\n","protected":false},"excerpt":{"rendered":"<div class=\"mh-excerpt\"><p>Regina Pasternak &#8211; Przewodnicz\u0105ca Zofia Dru\u017cd\u017c &#8211; Zast\u0119pca przewodnicz\u0105cej Jerzy Kryczka &#8211; Sekretarz Regulamin Komisji Rewizyjnej Do przegl\u0105dania i drukowania plik\u00f3w w formacie PDF niezb\u0119dny <a class=\"mh-excerpt-more\" href=\"https:\/\/xonit.eu\/utwswce\/komisja-rewizyjna\/\" title=\"Komisja Rewizyjna\">[&#8230;]<\/a><\/p>\n<\/div>","protected":false},"author":1,"featured_media":0,"parent":0,"menu_order":0,"comment_status":"closed","ping_status":"closed","template":"","meta":{"_vp_format_video_url":"","_vp_image_focal_point":[],"footnotes":""},"class_list":["post-71","page","type-page","status-publish","hentry"],"_links":{"self":[{"href":"https:\/\/xonit.eu\/utwswce\/wp-json\/wp\/v2\/pages\/71","targetHints":{"allow":["GET"]}}],"collection":[{"href":"https:\/\/xonit.eu\/utwswce\/wp-json\/wp\/v2\/pages"}],"about":[{"href":"https:\/\/xonit.eu\/utwswce\/wp-json\/wp\/v2\/types\/page"}],"author":[{"embeddable":true,"href":"https:\/\/xonit.eu\/utwswce\/wp-json\/wp\/v2\/users\/1"}],"replies":[{"embeddable":true,"href":"https:\/\/xonit.eu\/utwswce\/wp-json\/wp\/v2\/comments?post=71"}],"version-history":[{"count":8,"href":"https:\/\/xonit.eu\/utwswce\/wp-json\/wp\/v2\/pages\/71\/revisions"}],"predecessor-version":[{"id":2792,"href":"https:\/\/xonit.eu\/utwswce\/wp-json\/wp\/v2\/pages\/71\/revisions\/2792"}],"wp:attachment":[{"href":"https:\/\/xonit.eu\/utwswce\/wp-json\/wp\/v2\/media?parent=71"}],"curies":[{"name":"wp","href":"https:\/\/api.w.org\/{rel}","templated":true}]}}