{"id":86,"date":"2017-01-31T20:29:59","date_gmt":"2017-01-31T19:29:59","guid":{"rendered":"http:\/\/xonit.eu\/utwswce\/?page_id=86"},"modified":"2024-01-17T20:06:50","modified_gmt":"2024-01-17T19:06:50","slug":"kontakt-2","status":"publish","type":"page","link":"http:\/\/xonit.eu\/utwswce\/kontakt-2\/","title":{"rendered":"Kontakt"},"content":{"rendered":"<p style=\"text-align: center;\"><strong>Uniwersytet Trzeciego Wieku w \u015awi\u0119toch\u0142owicach.<\/strong><\/p>\n<p style=\"text-align: center;\">ul. Bytomska 40 (bud. OSiR Ska\u0142ka)<\/p>\n<p style=\"text-align: center;\">41-600 \u015awi\u0119toch\u0142owice<\/p>\n<p style=\"text-align: center;\">tel. +48 601 066 899<\/p>\n<p style=\"text-align: center;\">tel. +48 601-885-597<\/p>\n<p style=\"text-align: center;\">tel. +48 608-565-197<\/p>\n<p style=\"text-align: center;\">tel. +48 694 800 163<\/p>\n<p style=\"text-align: center;\"><a href=\"http:\/\/www.utw-swietochlowice.pl\">www.utw-swietochlowice.pl<\/a>\u00a0\u00a0\u00a0 e-mail: <a href=\"mailto:utw.swce@wp.pl\">utw.swce@wp.pl<\/a><\/p>\n<p style=\"text-align: center;\"><span style=\"color: #ff0000;\"><strong>\u00a0 \u00a0\u00a0<span style=\"color: #000000;\">W ka\u017cdy czwartek w godz. od 10.00 do 12.00 odbywa si\u0119 dy\u017cur w biurze siedziby UTW<br \/>\nw OSIR SKA\u0141KA przy ul. Bytomska 40<\/span><\/strong><\/span><b><\/b><\/p>\n<p style=\"text-align: center;\">KRS 00 00 38 94 95;\u00a0\u00a0\u00a0\u00a0 NIP 627 272 81 38;\u00a0\u00a0\u00a0\u00a0 Regon 242 635 254<\/p>\n<p style=\"text-align: center;\">Konto bankowe: <strong>Santander Banku Nr 30 1090 1812 0000 0001 1682 5023<\/strong><\/p>\n","protected":false},"excerpt":{"rendered":"<div class=\"mh-excerpt\"><p>Uniwersytet Trzeciego Wieku w \u015awi\u0119toch\u0142owicach. ul. Bytomska 40 (bud. OSiR Ska\u0142ka) 41-600 \u015awi\u0119toch\u0142owice tel. +48 601 066 899 tel. +48 601-885-597 tel. +48 608-565-197 tel. <a class=\"mh-excerpt-more\" href=\"http:\/\/xonit.eu\/utwswce\/kontakt-2\/\" title=\"Kontakt\">[&#8230;]<\/a><\/p>\n<\/div>","protected":false},"author":1,"featured_media":0,"parent":0,"menu_order":0,"comment_status":"closed","ping_status":"closed","template":"","meta":{"_vp_format_video_url":"","_vp_image_focal_point":[],"footnotes":""},"class_list":["post-86","page","type-page","status-publish","hentry"],"_links":{"self":[{"href":"http:\/\/xonit.eu\/utwswce\/wp-json\/wp\/v2\/pages\/86","targetHints":{"allow":["GET"]}}],"collection":[{"href":"http:\/\/xonit.eu\/utwswce\/wp-json\/wp\/v2\/pages"}],"about":[{"href":"http:\/\/xonit.eu\/utwswce\/wp-json\/wp\/v2\/types\/page"}],"author":[{"embeddable":true,"href":"http:\/\/xonit.eu\/utwswce\/wp-json\/wp\/v2\/users\/1"}],"replies":[{"embeddable":true,"href":"http:\/\/xonit.eu\/utwswce\/wp-json\/wp\/v2\/comments?post=86"}],"version-history":[{"count":15,"href":"http:\/\/xonit.eu\/utwswce\/wp-json\/wp\/v2\/pages\/86\/revisions"}],"predecessor-version":[{"id":3639,"href":"http:\/\/xonit.eu\/utwswce\/wp-json\/wp\/v2\/pages\/86\/revisions\/3639"}],"wp:attachment":[{"href":"http:\/\/xonit.eu\/utwswce\/wp-json\/wp\/v2\/media?parent=86"}],"curies":[{"name":"wp","href":"https:\/\/api.w.org\/{rel}","templated":true}]}}