{"id":77,"date":"2017-01-31T20:23:33","date_gmt":"2017-01-31T19:23:33","guid":{"rendered":"http:\/\/xonit.eu\/utwswce\/?page_id=77"},"modified":"2026-02-12T13:56:32","modified_gmt":"2026-02-12T12:56:32","slug":"samorzad-studencki","status":"publish","type":"page","link":"http:\/\/xonit.eu\/utwswce\/samorzad-studencki\/","title":{"rendered":"Samorz\u0105d Studencki"},"content":{"rendered":"<p>p. Mariola Bartyzel<br \/>\n(tel. 694 633 253)<\/p>\n<p>p. Barbara Bia\u0142as<br \/>\n(tel. 509 290 882)<\/p>\n<p>p. Brygida Gagracz<br \/>\n(tel. 508 290 232)<\/p>\n<p>p. Krystyna Juszczyk<br \/>\n(tel. 508 169 854)<\/p>\n<p>p. El\u017cbieta Krzymi\u0144ska<br \/>\n(tel. 501 416 453)<\/p>\n<p>p. Bo\u017cena Leszko<br \/>\n(tel. 693 380 713)<\/p>\n<p>p. El\u017cbieta Matracka<br \/>\n(tel. 694 391 201)<\/p>\n<p>p. Monika Rupik<br \/>\n(tel. 694 800 163)<\/p>\n<p style=\"text-align: center;\"><a href=\"http:\/\/www.utw-swietochlowice.pl\/wp-content\/uploads\/2017\/01\/regulamin_samorzadu_sluchaczy_utw_w_swietochlowicach.pdf\">REGULAMIN SAMORZ\u0104DU S\u0141UCHACZY<\/a><br \/>\nStowarzyszenia Uniwersytet Trzeciego Wieku w \u015awi\u0119toch\u0142owicach<\/p>\n<hr \/>\n<p><em>Do przegl\u0105dania i drukowania plik\u00f3w w formacie PDF niezb\u0119dny jest program Adobe Acrobat Reader, kt\u00f3ry mo\u017cna pobra\u0107 bezp\u0142atnie ze strony <\/em><a href=\"http:\/\/www.adobe.com\/\"><em>www.adobe.com<\/em><\/a><\/p>\n","protected":false},"excerpt":{"rendered":"<div class=\"mh-excerpt\"><p>p. Mariola Bartyzel (tel. 694 633 253) p. Barbara Bia\u0142as (tel. 509 290 882) p. Brygida Gagracz (tel. 508 290 232) p. Krystyna Juszczyk (tel. <a class=\"mh-excerpt-more\" href=\"http:\/\/xonit.eu\/utwswce\/samorzad-studencki\/\" title=\"Samorz\u0105d Studencki\">[&#8230;]<\/a><\/p>\n<\/div>","protected":false},"author":1,"featured_media":0,"parent":0,"menu_order":0,"comment_status":"closed","ping_status":"closed","template":"","meta":{"_vp_format_video_url":"","_vp_image_focal_point":[],"footnotes":""},"class_list":["post-77","page","type-page","status-publish","hentry"],"_links":{"self":[{"href":"http:\/\/xonit.eu\/utwswce\/wp-json\/wp\/v2\/pages\/77","targetHints":{"allow":["GET"]}}],"collection":[{"href":"http:\/\/xonit.eu\/utwswce\/wp-json\/wp\/v2\/pages"}],"about":[{"href":"http:\/\/xonit.eu\/utwswce\/wp-json\/wp\/v2\/types\/page"}],"author":[{"embeddable":true,"href":"http:\/\/xonit.eu\/utwswce\/wp-json\/wp\/v2\/users\/1"}],"replies":[{"embeddable":true,"href":"http:\/\/xonit.eu\/utwswce\/wp-json\/wp\/v2\/comments?post=77"}],"version-history":[{"count":6,"href":"http:\/\/xonit.eu\/utwswce\/wp-json\/wp\/v2\/pages\/77\/revisions"}],"predecessor-version":[{"id":4838,"href":"http:\/\/xonit.eu\/utwswce\/wp-json\/wp\/v2\/pages\/77\/revisions\/4838"}],"wp:attachment":[{"href":"http:\/\/xonit.eu\/utwswce\/wp-json\/wp\/v2\/media?parent=77"}],"curies":[{"name":"wp","href":"https:\/\/api.w.org\/{rel}","templated":true}]}}