{"id":53,"date":"2017-01-31T20:02:01","date_gmt":"2017-01-31T19:02:01","guid":{"rendered":"http:\/\/xonit.eu\/utwswce\/?page_id=53"},"modified":"2026-04-29T10:59:12","modified_gmt":"2026-04-29T08:59:12","slug":"komunikaty","status":"publish","type":"page","link":"http:\/\/xonit.eu\/utwswce\/komunikaty\/","title":{"rendered":"Komunikaty"},"content":{"rendered":"<div class=\"wp-block-image\">\n<figure data-wp-context=\"{&quot;imageId&quot;:&quot;69f36b35e9740&quot;}\" data-wp-interactive=\"core\/image\" data-wp-key=\"69f36b35e9740\" class=\"aligncenter size-full wp-lightbox-container\"><img loading=\"lazy\" decoding=\"async\" width=\"571\" height=\"825\" data-wp-class--hide=\"state.isContentHidden\" data-wp-class--show=\"state.isContentVisible\" data-wp-init=\"callbacks.setButtonStyles\" data-wp-on--click=\"actions.showLightbox\" data-wp-on--load=\"callbacks.setButtonStyles\" data-wp-on-window--resize=\"callbacks.setButtonStyles\" src=\"https:\/\/xonit.eu\/utwswce\/wp-content\/uploads\/2026\/04\/uwaga_senior.png\" alt=\"\" class=\"wp-image-4955\" srcset=\"http:\/\/xonit.eu\/utwswce\/wp-content\/uploads\/2026\/04\/uwaga_senior.png 571w, http:\/\/xonit.eu\/utwswce\/wp-content\/uploads\/2026\/04\/uwaga_senior-208x300.png 208w, http:\/\/xonit.eu\/utwswce\/wp-content\/uploads\/2026\/04\/uwaga_senior-500x722.png 500w\" sizes=\"auto, (max-width: 571px) 100vw, 571px\" \/><button\n\t\t\tclass=\"lightbox-trigger\"\n\t\t\ttype=\"button\"\n\t\t\taria-haspopup=\"dialog\"\n\t\t\taria-label=\"Powi\u0119ksz\"\n\t\t\tdata-wp-init=\"callbacks.initTriggerButton\"\n\t\t\tdata-wp-on--click=\"actions.showLightbox\"\n\t\t\tdata-wp-style--right=\"state.imageButtonRight\"\n\t\t\tdata-wp-style--top=\"state.imageButtonTop\"\n\t\t>\n\t\t\t<svg xmlns=\"http:\/\/www.w3.org\/2000\/svg\" width=\"12\" height=\"12\" fill=\"none\" viewBox=\"0 0 12 12\">\n\t\t\t\t<path fill=\"#fff\" d=\"M2 0a2 2 0 0 0-2 2v2h1.5V2a.5.5 0 0 1 .5-.5h2V0H2Zm2 10.5H2a.5.5 0 0 1-.5-.5V8H0v2a2 2 0 0 0 2 2h2v-1.5ZM8 12v-1.5h2a.5.5 0 0 0 .5-.5V8H12v2a2 2 0 0 1-2 2H8Zm2-12a2 2 0 0 1 2 2v2h-1.5V2a.5.5 0 0 0-.5-.5H8V0h2Z\" \/>\n\t\t\t<\/svg>\n\t\t<\/button><\/figure>\n<\/div>\n\n\n<hr class=\"wp-block-separator has-alpha-channel-opacity\"\/>\n\n\n\n<p><strong><em>Drodzy Studenci ,<\/em><\/strong><\/p>\n\n\n\n<p class=\"has-text-align-center\"><strong>informujemy, \u017ce od dnia 4 wrze\u015bnia 2025 r. i w ka\u017cdy kolejny czwartek<br>w Biurze UTW przy ul. Bytomskiej 40 na terenie OSiR Ska\u0142ka (budynek Dyrekcji)<\/strong><br><strong>w godz. od 10 \u2013 tej do 12- tej &nbsp;przyjmowane b\u0119d\u0105 sk\u0142adki za I semestr roku akademickiego 2025\/2026.<\/strong><\/p>\n\n\n\n<p class=\"has-text-align-center\"><strong>Osoby zainteresowane przyj\u0119ciem do naszego stowarzyszenia b\u0119d\u0105 mog\u0142y z\u0142o\u017cy\u0107 deklaracj\u0119 i dokona\u0107 formalno\u015bci (wpisowe 50 z\u0142 + sk\u0142adka za I semestr 70 z\u0142).<\/strong><\/p>\n\n\n\n<p><strong>Pro\u015bba !<\/strong><\/p>\n\n\n\n<p><strong>&nbsp;Mile widziane b\u0119dzie regulowanie sk\u0142adek przelewem elektronicznym na rachunek UTW<\/strong><br><strong>w Santander Banku Nr 30 1090 1812 0000 0001 1682 5023<\/strong><\/p>\n\n\n\n<p class=\"has-text-align-right\"><strong>Zarz\u0105d<\/strong><\/p>\n\n\n\n<hr class=\"wp-block-separator has-alpha-channel-opacity\"\/>\n\n\n\n<p><strong><em>Drodzy Studenci,<\/em><\/strong><\/p>\n\n\n\n<p class=\"has-text-align-center\"><strong>Zarz\u0105d informuje, \u017ce w ka\u017cdy pi\u0105tek o godz. 16,30 w Filii Nr 1 Biblioteki Miejskiej<\/strong> <strong>w Pia\u015bnikach odbywaj\u0105 si\u0119 w ramach \u201e Filmowej Biblioteki\u201d projekcje interesuj\u0105cych film\u00f3w \u2013 zach\u0119camy do udzia\u0142u !<\/strong><\/p>\n\n\n\n<hr class=\"wp-block-separator has-css-opacity\"\/>\n\n\n\n<p>Zach\u0119camy do pomocy dla naszych Przyjaci\u00f3\u0142 we Lwowie, s\u0142uchaczek i s\u0142uchaczy Polskiego Lwowskiego UTW.<br>Nasi s\u0142uchacze obecni na wyk\u0142adach zbieraj\u0105 ju\u017c \u015brodki finansowe z przeznaczeniem na lekarstwa dla lwowskich Senior\u00f3w.<br>Koordynatorem zbi\u00f3rki jest OG\u00d3LNOPOLSKA FEDERACJA STOWARZYSZE\u0143 UNIWERSYTET\u00d3W TRZECIEGO WIEKU w NOWYM S\u0104CZU.<br>Prosimy o wzi\u0119cie udzia\u0142u w tej pomocowej akcji, zw\u0142aszcza tych naszych s\u0142uchaczy, kt\u00f3rzy nie uczestnicz\u0105<br>w cotygodniowych wyk\u0142adach audytoryjnych. Darowizn\u0119 mo\u017cna&nbsp; przekaza\u0107 na nasz<br><strong>rachunek w&nbsp; Santander Banku Nr 30 1090 1812 0000 0001 1682 5023&nbsp;<\/strong><br><strong>Z DOPISKIEM:&nbsp;Pomoc dla senior\u00f3w Ukrainy. <\/strong>Liczy si\u0119 ka\u017cda z\u0142ot\u00f3wka !<\/p>\n\n\n\n<p class=\"has-text-align-right\"><em>Dzi\u0119kujemy !&nbsp;<\/em><br><em>Zarz\u0105d<\/em><\/p>\n\n\n\n<hr class=\"wp-block-separator has-css-opacity\"\/>\n","protected":false},"excerpt":{"rendered":"<div class=\"mh-excerpt\"><p>Drodzy Studenci , informujemy, \u017ce od dnia 4 wrze\u015bnia 2025 r. i w ka\u017cdy kolejny czwartekw Biurze UTW przy ul. Bytomskiej 40 na terenie OSiR <a class=\"mh-excerpt-more\" href=\"http:\/\/xonit.eu\/utwswce\/komunikaty\/\" title=\"Komunikaty\">[&#8230;]<\/a><\/p>\n<\/div>","protected":false},"author":1,"featured_media":0,"parent":0,"menu_order":0,"comment_status":"closed","ping_status":"closed","template":"","meta":{"_vp_format_video_url":"","_vp_image_focal_point":[],"footnotes":""},"class_list":["post-53","page","type-page","status-publish","hentry"],"_links":{"self":[{"href":"http:\/\/xonit.eu\/utwswce\/wp-json\/wp\/v2\/pages\/53","targetHints":{"allow":["GET"]}}],"collection":[{"href":"http:\/\/xonit.eu\/utwswce\/wp-json\/wp\/v2\/pages"}],"about":[{"href":"http:\/\/xonit.eu\/utwswce\/wp-json\/wp\/v2\/types\/page"}],"author":[{"embeddable":true,"href":"http:\/\/xonit.eu\/utwswce\/wp-json\/wp\/v2\/users\/1"}],"replies":[{"embeddable":true,"href":"http:\/\/xonit.eu\/utwswce\/wp-json\/wp\/v2\/comments?post=53"}],"version-history":[{"count":294,"href":"http:\/\/xonit.eu\/utwswce\/wp-json\/wp\/v2\/pages\/53\/revisions"}],"predecessor-version":[{"id":4956,"href":"http:\/\/xonit.eu\/utwswce\/wp-json\/wp\/v2\/pages\/53\/revisions\/4956"}],"wp:attachment":[{"href":"http:\/\/xonit.eu\/utwswce\/wp-json\/wp\/v2\/media?parent=53"}],"curies":[{"name":"wp","href":"https:\/\/api.w.org\/{rel}","templated":true}]}}