{"id":216,"date":"2017-02-17T13:30:20","date_gmt":"2017-02-17T12:30:20","guid":{"rendered":"http:\/\/xonit.eu\/utwswce\/?page_id=216"},"modified":"2017-02-17T13:56:24","modified_gmt":"2017-02-17T12:56:24","slug":"rok-akademicki-20112012","status":"publish","type":"page","link":"http:\/\/xonit.eu\/utwswce\/rok-akademicki-20112012\/","title":{"rendered":"Rok akademicki 2011\/2012"},"content":{"rendered":"<p>20.06.2012 r.<\/p>\n<p><strong>Pierwszy rok dobieg\u0142 ko\u0144ca ?<\/strong><\/p>\n<p>Nie by\u0142o \u0142atwo, ale te\u017c nikt nie obiecywa\u0142, \u017ce tak b\u0119dzie. Uczyli\u015bmy si\u0119 wszyscy ? organizatorzy i s\u0142uchacze. Ka\u017cdy dzie\u0144 dzia\u0142alno\u015bci dostarcza\u0142 nam kolejnych cennych do\u015bwiadcze\u0144, kt\u00f3re mamy nadziej\u0119 wykorzysta\u0107 w kolejnych latach dzia\u0142alno\u015bci UTW ?<\/p>\n<p>Uda\u0142o si\u0119, czego potwierdzeniem s\u0105 gratulacje i podzi\u0119kowania ?dla? i ?ze? strony W\u0142adz Miejskich, AWF w Katowicach i licznych organizacji. Cieszy nas przede wszystkim rosn\u0105ca rzesza sympatyk\u00f3w \u015bwi\u0119toch\u0142owickiego UTW? Przed nami wakacje, ale od pa\u017adziernika wracamy do nauki. ? Ten rok pokaza\u0142, \u017ce seniorzy ch\u0119tnie rozwijaj\u0105 swoje umiej\u0119tno\u015bci i pog\u0142\u0119biaj\u0105 wiedz\u0119, a najwytrwalsi otrzymali pami\u0105tkowe certyfikaty zaliczenia cyklu zaj\u0119\u0107 pierwszego roku akademickiego. (patrz zak\u0142adka ?Inni o nas?).<\/p>\n<p>Wszystkich zainteresowanych ju\u017c dzi\u015b zapraszamy na kolejny rok akademicki. Naprawd\u0119 warto.<\/p>\n<p>Jerzy Migo\u0144<\/p>\n<p>&nbsp;<\/p>\n<p>13.06.2012 r.<\/p>\n<p><strong>Jak zosta\u0107 \u015bl\u0105skim milionerem ?<\/strong><\/p>\n<p>Niestety nie podano ?sze\u015bciu szcz\u0119\u015bliwych? liczb w najbli\u017cszym losowaniu LOTTO, ale i tak warto by\u0142o pos\u0142ucha\u0107 kolejnego wyk\u0142adu red. Alana Zycha. ? Tym razem poznali\u015bmy histori\u0119 Karola Goduli, kt\u00f3ry sw\u0105 przedsi\u0119biorczo\u015bci\u0105 pomna\u017ca\u0142 w\u0142asny maj\u0105tek, przyczyniaj\u0105c si\u0119 tak\u017ce do rozwoju hutnictwa cynku i innych dziedzin gospodarki naszego regionu. ? Jego historia to doskona\u0142y przyk\u0142ad potwierdzaj\u0105cy warto\u015b\u0107 inwestowania we w\u0142asne wykszta\u0142cenie i kon-sekwencji w pracy w drodze do \u017cyciowego powodzenia ?<\/p>\n<p>Jerzy Migo\u0144<\/p>\n<p>&nbsp;<\/p>\n<p>23.05.2012 r.<\/p>\n<p><strong>Przyjemne z po\u017cytecznym ?\u00a0<\/strong><\/p>\n<p><strong>czyli odrobina historii i rekreacji w Mosznej.<\/strong><\/p>\n<p>Dla wielu s\u0142uchaczy UTW ten jednodniowy pobyt w Mosznej, by\u0142 pierwsza okazj\u0105 do zwiedzenia zamku i poznania historii rodu Thiele Winckler\u00f3w. Ciekawa rchitektura i wn\u0119trza zamku po\u0142o\u017conego w malowniczym parku stanowi\u0142y nie lada atrakcj\u0119 dla zwiedzaj\u0105cych. ? Wra\u017cenia z wycieczki spot\u0119gowa\u0142y jeszcze: zwiedzenie stadniny koni, pokaz uje\u017cd\u017cania i mo\u017cliwo\u015b\u0107 przeja\u017cd\u017cki konnej przez zainteresowanych uczestnik\u00f3w\u00a0wycieczki ? (foto ? Ruszamy w Polsk\u0119 &#8230;)<\/p>\n<p>Jerzy Migo\u0144<\/p>\n<p>&nbsp;<\/p>\n<p>23.05.2012 r.<\/p>\n<p><strong>?Kochanowski? w Indiach<\/strong><\/p>\n<p>Na atrakcyjn\u0105, aczkolwiek tylko wirtualn\u0105 wycieczk\u0119 do Indii uczestnicy wyk\u0142adu udali si\u0119 w towarzystwie mgr Anny \u017burek (nauczyciel ZSO 1 w \u015awi\u0119-toch\u0142owicach). Barwna opowie\u015b\u0107 zilustrowana fotograficzn\u0105 prezentacj\u0105 by\u0142a pami\u0105tk\u0105 niezapomnianej wyprawy grona m\u0142odzie\u017cy I LO im. J. Kochanowskiego (pod kierunkiem kilku nauczycieli) na P\u00f3\u0142wysep Indyjski ? Przed uczniami ?Kochanowskiego? kolejne ciekawe turystyczne propozycje ?<\/p>\n<p>A mo\u017ce by tak jeszcze z UTW ?<\/p>\n<p>Jerzy Migo\u0144<\/p>\n<p>&nbsp;<\/p>\n<p>09.05.2012 r.<\/p>\n<p><strong>Miasta \u017cywych ? miasta umar\u0142ych ?<\/strong><\/p>\n<p>Na nietypowy ?wirtualny spacer? zaprosi\u0142a zebranych s\u0142uchaczy UTW dr Barbara Lewicka. Jego celem sta\u0142y si\u0119 miejsca odwiedzane zazwyczaj w chwilach \u017cyciowej zadumy, t\u0119sknoty za tymi kt\u00f3rych ju\u017c nie ma ? W takich sytuacjach, rzadko zdarza si\u0119 nam zauwa\u017ca\u0107 pi\u0119kno zw\u0142aszcza starych cmentarzy. ? W niespe\u0142na godzin\u0119 przemierzyli\u015bmy cmentarne alejki kilku kontynent\u00f3w, dostrzegaj\u0105c r\u00f3\u017cnice kulturowe spo\u0142eczno\u015bci jakie je tworzy\u0142y i ewolucj\u0119, kt\u00f3rej podlega\u0142y wraz z cywilizacyjnym post\u0119pem. ?<\/p>\n<p>Jerzy Migo\u0144<\/p>\n<p>&nbsp;<\/p>\n<p>20-21.04.2012 r.<\/p>\n<p><strong>Odrobina ekonomii w naszych domach czyli:\u00a0\u00a0 <em>Nowoczesne finanse przyjazne seniorom.<\/em><\/strong><\/p>\n<p>Jak racjonalnie gospodarowa\u0107 swym bud\u017cetem ? Jak inwestowa\u0107 posiadane \u015brodki ? Jak u\u0142atwi\u0107 sobie \u017cycie oszcz\u0119dzaj\u0105c tak\u017ce czas i pieni\u0105dze ? ? To pytania, kt\u00f3re stanowi\u0105 proz\u0119 naszej codziennej egzystencji. W dobie \u015bwiatowego kryzysu nabieraj\u0105 one szczeg\u00f3lnego wyrazu. ? Pr\u00f3b\u0105 odpowiedzi na szereg z nich by\u0142y zaj\u0119cia przeprowadzone dla naszych s\u0142uchaczy we wsp\u00f3\u0142pracy z Og\u00f3lnopolsk\u0105 Federacj\u0105 UTW.<\/p>\n<p>Praktyczn\u0105 wiedz\u0105 wyniesion\u0105 z tych zaj\u0119\u0107 by\u0142a umiej\u0119tno\u015b\u0107 elektronicznej obs\u0142ugi kont bankowych czy tworzenie i obs\u0142uga arkuszy kalkulacyjnych u\u0142atwiaj\u0105cych racjonalizacj\u0119 naszych domowych bud\u017cet\u00f3w ?<\/p>\n<p>Jerzy Migo\u0144<\/p>\n<p>&nbsp;<\/p>\n<p>18.04.2012 r.<\/p>\n<p><strong>Zabytki architektoniczne miasta i regionu.<\/strong><\/p>\n<p>Kolejn\u0105 porcja historii najbli\u017cszej nam okolicy zwi\u0105zana by\u0142a z architektur\u0105 \u015bl\u0105skich miast. Ciekawy konglomerat styl\u00f3w, walory artystyczne i wiek wielu obiekt\u00f3w sk\u0142ania nas do szczeg\u00f3lnej dba\u0142o\u015bci o ich zachowanie. To przecie\u017c cz\u0105stka historii tego regionu ? przekonywa\u0142 nas Miejski Konserwator Zabytk\u00f3w p. Barbara Josi\u0144ska w swym interesuj\u0105cym wyk\u0142adzie.<\/p>\n<p>Jerzy Migo\u0144<\/p>\n<p>&nbsp;<\/p>\n<p>13.04.2012 r.<\/p>\n<p><strong>Dok\u0105d zmierza Unia Europejska ?<\/strong><\/p>\n<p>To pytanie zadajemy sobie prawie wszyscy. \u015awiadomi problem\u00f3w gospodarczych i politycznych, jakie dotykaj\u0105 szereg pa\u0144stw europejskich, z niepokojem przygl\u0105damy si\u0119 rozwojowi sytuacji. ?<\/p>\n<p>Jak wygl\u0105da to ?z perspektywy Strasburga czy Brukseli??<\/p>\n<p>Spostrze\u017ceniami na ten temat podzieli\u0142 si\u0119 z nami dr Jan Olbrycht (Pose\u0142 Parlamentu Europejskigo). ? W jego opinii nie ma alternatywy dla Unii Europejskiej. Istniej\u0105ce (i nadal rozwijane) wielop\u0142aszczyznowe powi\u0105zania polityczne i gospodarcze s\u0105 najlepszym gwarantem funkcjonowania tego organizmu, a pojawiaj\u0105ce si\u0119 problemy \u0142atwiej rozwi\u0105za\u0107 wsp\u00f3lnie ni\u017c w pojedynk\u0119.? ?<\/p>\n<p>(patrz Galeria)<\/p>\n<p>Jerzy Migo\u0144<\/p>\n<p>&nbsp;<\/p>\n<p>11.04.2012 r.<\/p>\n<p><strong>Muzyka a wyobra\u017ania<\/strong><\/p>\n<p>Zdolno\u015b\u0107 do przywo\u0142ywania i tworzenia w my\u015blach obraz\u00f3w postrzeganych niegdy\u015b przedmiot\u00f3w i zjawisk to istota ludzkiej wyobra\u017ani. Jej intensywno\u015b\u0107 bywa r\u00f3\u017cna i r\u00f3\u017cnie mo\u017ce by\u0107 ukierunkowana ? Dla jednych bywa \u017ar\u00f3d\u0142em tw\u00f3rczego natchnienia, innym pozwala na osobisty odbi\u00f3r i interpretacj\u0119 ogl\u0105danych dzie\u0142 sztuki czy s\u0142uchanej muzyki. ? Na ten aspekt sztuki i ludzkiego umys\u0142u zwr\u00f3ci\u0142 nasz\u0105 uwag\u0119 prof. Leon Markiewicz, budz\u0105c nasz\u0105 wyobra\u017ani\u0119 fragmentami kompozycji tak uznanych tw\u00f3rc\u00f3w, jak F. Chopin, M. Mussorgsky, czy C. Saint &#8211; Sa\u00ebns ?<\/p>\n<p>Jerzy Migo\u0144<\/p>\n<p>&nbsp;<\/p>\n<p>28.03.2012 r.<\/p>\n<p><strong>Podstawy dietetyki.<\/strong><\/p>\n<p>Jak \u017cywili si\u0119 nasi przodkowie ? Czy post\u0119p cywilizacyjny sprzyja zdrowemu \u017cywieniu ? Czy istnieje dieta cud ? &#8230;<\/p>\n<p>To tylko nieliczne z pyta\u0144, na kt\u00f3re odpowiedzi stanowi\u0142y istot\u0119 wyk\u0142adu z podstaw dietetyki. Minione zaj\u0119cia, to tylko swoisty wst\u0119p dla zainteresowanych tajnikami zdrowego \u017cywienia, kt\u00f3re zg\u0142\u0119bi\u0107 b\u0119dzie mo\u017cna w czasie proponowanych zaj\u0119\u0107 warsztatowych ?<\/p>\n<p>Katarzyna Migo\u0144<\/p>\n<p>&nbsp;<\/p>\n<p>21.03.2012 r.<\/p>\n<p><strong>Jak powinna wygl\u0105da\u0107 Polka XXI wieku ?<\/strong><\/p>\n<p>Ka\u017cdy z nas chcia\u0142by podoba\u0107 si\u0119 innym. By\u0107 modny, schludny i zadbany. Jednak nie ka\u017cdy z nas wie, \u017ce \u017ceby czu\u0107 si\u0119 dobrze we w\u0142asnej sk\u00f3rze nie potrzebne nam drako\u0144skie diety czy operacje plastyczne. Najwa\u017cniejsze by\u015bmy czuli si\u0119 dobrze, komfortowo i swobodnie w wybieranej przez nas garderobie.<\/p>\n<p>Na wyk\u0142adzie poznali\u015bmy 4 typy sylwetek, kt\u00f3re stanowi\u0105 punkt wyj\u015bcia do analizy w\u0142asnej figury i s\u0105 rodzajem podpowiedzi jaki kr\u00f3j, wz\u00f3r czy d\u0142ugo\u015b\u0107 jest dla nas odpowiednia. Dowiedzieli\u015bmy si\u0119 r\u00f3wnie\u017c o czterech rodzajach urody i odpowiednio do nich dobieranych kolorach w ubiorze, makija\u017cu czy bi\u017cuterii. Aco najwa\u017cniejsze, przekonali\u015bmy si\u0119, \u017ce nie warto \u015blepo pod\u0105\u017ca\u0107 za trendami tylko s\u0142ucha\u0107 siebie i stara\u0107 si\u0119 umiej\u0119tnie eksponowa\u0107 swoje atuty tuszuj\u0105c przy tym niedostatki naszej urody &#8230;<\/p>\n<p>Magda\u00a0Szady<\/p>\n<p>&nbsp;<\/p>\n<p>09.03.2012 r.<\/p>\n<p><strong>Depresja ? choroba naszych czas\u00f3w.<\/strong><\/p>\n<p>Funkcjonujemy coraz szybciej i intensywniej ? W pogoni za uciekaj\u0105cym czasem, w d\u0105\u017ceniu do zaspakajania codziennych potrzeb, szukaj\u0105c rozwi\u0105zania codziennych problem\u00f3w podlegamy stresom towarzysz\u0105cym takiemu \u017cyciu. Jak d\u0142ugo, tak mo\u017cna ? ? Nie spos\u00f3b udzieli\u0107 odpowiedzi na to pytanie. ? Pojawiaj\u0105ce si\u0119 zm\u0119czenie, zniech\u0119cenie, narastaj\u0105ce obawy to tylko nieliczne objawy, rodz\u0105cej si\u0119 by\u0107 mo\u017ce depresji. ? Czym jest depresja ? Jakie s\u0105 jej najcz\u0119stsze przyczyny i objawy ? Jak radzi\u0107 sobie w stanach depresyjnych ? ? Gar\u015b\u0107 informacji na ten temat przekaza\u0142a s\u0142uchaczom UTW w czasie swego wyk\u0142adu Pani dr Maria Czaplok-Kielc. ? Pami\u0119tajmy: ?Nie jeste\u015bmy robotami?.<\/p>\n<p>Jerzy Migo\u0144<\/p>\n<p>&nbsp;<\/p>\n<p>02.03.3012<\/p>\n<p><strong>W obronie naszych praw ?<\/strong><\/p>\n<p>Rzecznik Praw obywatelskich to niecodzienny go\u015b\u0107 w naszym mie\u015bcie. Tymczasem prof. Irena Lipowicz przyj\u0119\u0142a zaproszenie s\u0142uchaczy lokalnego UTW, co poczytujemy sobie za spore wyr\u00f3\u017cnienie. W czasie swego wyst\u0105pienia dzieli\u0142a si\u0119 z nami problemami ?wcze\u015bniej urodzonych?, jakie trafiaj\u0105 do jej Urz\u0119du. Podkre\u015bla\u0142a rol\u0119 ludzi starszych w \u017cyciu spo\u0142eczno-gospodarczym kraju i samo-rz\u0105d\u00f3w, zach\u0119caj\u0105c do obecnych do sta\u0142ej aktywno\u015bci w procesie zachodz\u0105cych przemian. ? W odpowiedzi na pytania wyrazi\u0142a sw\u0105 opini\u0119 na temat pod\u0142o\u017ca reformy emerytalnej, projektu ACTA itp. (patrz galeria)<\/p>\n<p>Jerzy Migo\u0144<\/p>\n<p>&nbsp;<\/p>\n<p>22.02.3012 r.<\/p>\n<p><strong>Mi\u0119dzy powstaniem, a\u00a0wojn\u0105 domow\u0105<\/strong><\/p>\n<p>Wydarzenia z lat 1918 ? 1922 rozgrywaj\u0105ce si\u0119 na G\u00f3rnym \u015al\u0105sku, to okres nazywany w polskiej historiografii ?powstaniami \u015bl\u0105skimi?. Mimo, \u017ce do\u015b\u0107 odleg\u0142y w czasie, jest nadal przedmiotem analiz historycznych. Punktem wyj\u015bcia analizy jest pr\u00f3ba scharakteryzowania ludno\u015bci rejencji opolskiej, kt\u00f3ra w wi\u0119kszo\u015bci wzi\u0119\u0142a udzia\u0142 w g\u0142osowaniu plebiscytowym 1922 r., a kt\u00f3ra przez dotychczasow\u0105 literatur\u0119 historyczn\u0105 by\u0142a charakteryzowana do\u015b\u0107 pobie\u017cnie. W efekcie do\u015b\u0107 skomplikowanej struktury spo\u0142ecznej i narodowo\u015bciowej w regionie, stronnik\u00f3w pa\u0144stwa niemieckiego okre\u015bla si\u0119 jako lojalist\u00f3w, a pa\u0144stwa polskiego jako rebeliant\u00f3w. Nast\u0119pnie prezentowany jest szeroki kontekst wydarze\u0144 regionalnych oraz mi\u0119dzynarodowych z lat 1918 ? 1922 wraz z ukazaniem ich wzajemnych powi\u0105za\u0144. Poddana w\u0105tpliwo\u015bci zostaje teza o decyduj\u0105cym znaczeniu tzw. ?powsta\u0144 \u015bl\u0105skich? oraz plebiscytu na podzia\u0142 G\u00f3rnego \u015al\u0105ska w 1922 r., poniewa\u017c wydarzenia z opisanego okresu wyczerpuj\u0105 r\u00f3wnie\u017c definicje wojny domowej i rebelii.<\/p>\n<p style=\"text-align: right;\">Alan Zych<\/p>\n<p>15.02.2012 r.<\/p>\n<p><strong>?O dobrej rozmowie?<\/strong><\/p>\n<p>?Mowa, jest srebrem a milczenie z\u0142otem ??. To zdanie chocia\u017c popularne, nie by\u0142o rzeczywistym przes\u0142aniem wyk\u0142adu p. mgr Teresy Brandys (psycholog). Bo nie rzecz w tym by, milcze\u0107, lub gada\u0107 co \u015blina na j\u0119zyk przyniesie. ? Prawdziwie ?dobra rozmowa? to droga do rozwi\u0105zania, a czasem unikania wielu \u017cyciowych problem\u00f3w. ? Nie wystarczy jednak du\u017co i barwnie m\u00f3wi\u0107, sypa\u0107 ?z\u0142otymi radami? &#8211; trzeba umie\u0107 tak\u017ce s\u0142ucha\u0107 ?<\/p>\n<p>Jerzy Migo\u0144<\/p>\n<p>&nbsp;<\/p>\n<p>25.01.2012 r.<\/p>\n<p><strong>\u00a0<\/strong><strong>R\u00f3d Henckel von Donnersmarck w historii \u015awi\u0119toch\u0142owic<\/strong><\/p>\n<p>Mieszka\u0144cy \u015al\u0105ska doskonale wiedz\u0105, \u017ce historia tego regionu by\u0142a barwna, ale te\u017c skomplikowana. Ci\u0119\u017cka, cz\u0119sto niebezpieczna, praca w kopalniach i hutach jakie stanowi\u0142y trzon tutejszego przemys\u0142u stanowi\u0142y istotny element w \u017cyciorysie wi\u0119kszo\u015bci \u015al\u0105zak\u00f3w. ? Niewielu m\u0142odszych mieszka\u0144c\u00f3w \u015awi\u0119to-ch\u0142owic (a jak si\u0119 r\u00f3wnie\u017c okaza\u0142o tak\u017ce i ?nieco starszej m\u0142odzie\u017cy?) zna, b\u0105d\u017a pami\u0119ta okoliczno\u015bci gospodarczego rozwoju swego miasta i ca\u0142ego regionu.\u00a0\u00a0\u00a0O roli odegranej w tym procesie przez R\u00f3d Henckel von Donnersmarck m\u00f3wi\u0142 zebranym w czasie swego ciekawego wyst\u0105pienia pasjonat historii i \u015bl\u0105sko\u015bci ? Alan Zych.<\/p>\n<p>Jerzy Migo\u0144<\/p>\n<p>&nbsp;<\/p>\n<p>18.01.2012 r.<\/p>\n<p><strong>Energetyka atomowa &#8211; kontrowersji czas dalszy ?<\/strong><\/p>\n<p>Od czasu awarii elektrowni w Czarnobylu (1986 r.) min\u0119\u0142o ju\u017c wiele lat. Nasza \u015bwiadomo\u015b\u0107 zagro\u017ce\u0144 zwi\u0105zanych z podobnymi zdarzeniami wzros\u0142a w spos\u00f3b znacz\u0105cy, ale obawy przed ich konsekwencjami pozostaj\u0105 niezmiennie wysokie. Niespe\u0142na rok temu (11 marca 2011) fala tsunami na Pacyfiku dotar\u0142a do wy-brze\u017cy Japonii niszcz\u0105c elektrowni\u0119 atomow\u0105 Fukushima Dai-Ichi. ? i wszystko to w relacji ?na \u017cywo? do obejrzenia na ekranach TV ? wyk\u0142ad przybli\u017cy\u0142 nam szereg problem\u00f3w zwi\u0105zanych z istot\u0105 funkcjonowania takich elektrowni, ich zabezpiecze\u0144 i sk\u0142adowania odpad\u00f3w promieniotw\u00f3rczych. Potencjalne zagro\u017cenia zwi\u0105zane z dzia\u0142aniem elektrowni j\u0105drowych rodzi wiele kontrowersji, ? a zapotrzebowanie na energi\u0119 stale ro\u015bnie ? Gdzie szuka\u0107 zatem ?z\u0142otego \u015brodka? ?<\/p>\n<p>Krystyna Rawska i Jerzy Migo\u0144<\/p>\n<p>04.01.2012 r.<\/p>\n<p><strong>Co by\u0142o pierwsze ? ?kura, czy jajko? ?<\/strong><\/p>\n<p>To na poz\u00f3r banalne pytanie ci\u0105gle czeka na jednoznaczn\u0105 odpowied\u017a. ? Celem dzisiejszego wyk\u0142adu nie by\u0142a pr\u00f3ba wyja\u015bnienia tego problemu, ale sk\u0142onienie do w\u0142asnej interpretacji otaczaj\u0105cej nas rzeczywisto\u015bci. Wprowadzenie w podstawy filozofii i historii rozwoju tej dziedziny wiedzy okaza\u0142o si\u0119 doskona\u0142\u0105 form\u0105 przej\u015bcia od \u015bwi\u0105tecznego nastroju do atmosfery pracy zwi\u0105zanej ze wznowieniem\u00a0akademickich zaj\u0119\u0107 na forum UTW ?<\/p>\n<p>&nbsp;<\/p>\n<p>Jerzy Migo\u0144<\/p>\n<p>&nbsp;<\/p>\n<p>07.12.2011 r.<\/p>\n<p><strong>Przy wigilijnym stole &#8230;\u00a0<\/strong><\/p>\n<p>Ambicj\u0105 Zarz\u0105du funkcjonuj\u0105cej od zaledwie dw\u00f3ch miesi\u0119cy ?uczelni? jest nie tylko stworzenie warunk\u00f3w do pog\u0142\u0119bienia wiedzy i rozwijania zaintere-sowa\u0144, ale tak\u017ce systematyczna integracja grona swych s\u0142uchaczy. ? Magiczna aura, towarzysz\u0105ca zbli\u017caj\u0105cym si\u0119 \u015bwi\u0119tom Bo\u017cego Narodzenia stanowi\u0142a doskona\u0142a okazj\u0119 do kolejnego spotkania. W \u015bwietle skrz\u0105cej si\u0119 choinki, tradycyjnymi \u017cyczeniami i symbolicznym op\u0142atkiem dzieli si\u0119 ze studentami UTW tak\u017ce zaproszeni go\u015bcie: <strong><em>Marek Palka<\/em><\/strong> (Przewodnicz\u0105cy RM), <strong><em>Prof. Jan \u015al\u0119\u017cy\u0144ski<\/em><\/strong> (nasz wyk\u0142adowca i przedstawiciel AWF w Katowicach) oraz <strong><em>ks. Andrzej Rolnik <\/em><\/strong>(Dyrektor Salezja\u0144skiego Zespo\u0142u Szk\u00f3l Publicznych) ?<\/p>\n<p>Naszym wsp\u00f3lnym \u017cyczeniem jest ?<strong><em>by raczkuj\u0105cy jeszcze Uniwersytet sta\u0142 si\u0119 z rych\u0142o istotnym elementem w \u017cyciu nie tylko swych s\u0142uchaczy, ale ca\u0142ego miasta, jako \u017ar\u00f3d\u0142o ciekawych inicjatyw i rosn\u0105cej aktywno\u015bci spo\u0142ecznej?.<\/em><\/strong><\/p>\n<p>Jerzy Migo\u0144<\/p>\n<p>&nbsp;<\/p>\n<p>30.11.2011 r.<\/p>\n<p><strong>W \u015bwiecie ludzkich zmys\u0142\u00f3w<\/strong><\/p>\n<p>W\u015br\u00f3d wszystkich d\u017awi\u0119k\u00f3w \u015bwiata najwa\u017cniejsze i zarazem najpi\u0119kniej-sze s\u0105 d\u017awi\u0119ki mowy ludzkiej. Mowa ludzka jako narz\u0119dzie komunikacji i spos\u00f3b przekazu informacji jest najwi\u0119kszym osi\u0105gni\u0119ciem ludzko\u015bci. Tak\u0105 konkluzj\u0105 zako\u0144czy\u0142 sw\u00f3j wyk\u0142ad prof. Jan Grzesik.<\/p>\n<p>Zainteresowa\u0142 s\u0142uchaczy narz\u0105dami zmys\u0142u b\u0119d\u0105cymi \u0142\u0105cznikami mi\u0119dzy nasz\u0105 \u015bwiadomo\u015bci\u0105 a otoczeniem. Zwr\u00f3ci\u0142 uwag\u0119, \u017ce posiadanie zmys\u0142\u00f3w zawdzi\u0119-czamy wcze\u015bniejszemu istnieniu ich bod\u017ac\u00f3w np. wzroku &#8211; istnienie \u015bwiat\u0142a, s\u0142uchu &#8211; istnienie fal akustycznych, w\u0119chu &#8211; istnienie substancji lotnych.<\/p>\n<p>Do powstania zmys\u0142\u00f3w doprowadzi\u0142y te czynniki \u015brodowiska, kt\u00f3re s\u0105 no\u015bnikami informacji istotnych dla utrzymania i trwania \u017cycia.<\/p>\n<p>Teresa\u00a0Serafin<\/p>\n<p>&nbsp;<\/p>\n<p>23.11.2011 r.<\/p>\n<p><strong>Skandali nie by\u0142o ?<\/strong><\/p>\n<p>Obecnych na \u015brodowym wyk\u0142adzie UTW spotka\u0142a spora niespodzianka. ? Przykra informacja o chorobie prelegenta, jaka dotarla do nas poprzedniego wieczora\u00a0zmusi\u0142a organizator\u00f3w (jak to w \u017cyciu bywa) do b\u0142yskawicznej reakcji ?. i zaproponowania s\u0142uchaczom, planowanej w innym terminie, wirtualnej wyprawy w g\u00f3ry ? Szybko okaza\u0142o si\u0119, ze nie b\u0119dzie to typowy spacer szlakami turystycznymi, ale w\u0119dr\u00f3wka w czasie i przestrzeni, sk\u0142aniaj\u0105ca nieco przewrotnie do spojrzenia na g\u00f3ry przez pryzmat w\u0142asnego \u017cycia.\u00a0? ?Skandalu nie by\u0142o?, ? jednak na ile cel za\u0142o\u017cony przez prowadz\u0105cego mgr Jerzego Migonia zosta\u0142 osi\u0105gni\u0119ty oceni\u0107 mog\u0105 ju\u017c tylko licznie zgromadzeni\u00a0s\u0142uchacze.<\/p>\n<p>Jerzy Migo\u0144<\/p>\n<p>&nbsp;<\/p>\n<p><strong>16.11.2011 r.\u00a0<\/strong><\/p>\n<p>Dla wielu obecnych miniony wyk\u0142ad stanowi\u0142 swoiste zaproszenie do prawdziwej ?uczty muzycznej?. ? Fragmenty utwor\u00f3w wybitnych kompozytor\u00f3w (Beethoven, Vivaldi, Verdi ?) pos\u0142u\u017cy\u0142y jako ?czytelna ilustracja? ludzkich uczu\u0107 i emocji &#8230; Rado\u015b\u0107 i smutek ? spok\u00f3j i niepok\u00f3j ? bunt i optymizm ? mi\u0142o\u015b\u0107\u00a0\u00a0\u00a0\u00a0\u00a0\u00a0\u00a0\u00a0\u00a0\u00a0 i wznios\u0142o\u015b\u0107 ? to tylko niekt\u00f3re z uczu\u0107 towarzysz\u0105cych przemiennie odbiorcom prezentowanej muzyki, uzupe\u0142nionej komentarzem prof. L. Markiewicza.<\/p>\n<p><strong><em>&#8222;Nie wiem co to jest muzyka ? m\u00f3wi\u0142 Henryk G\u00f3recki&#8221; ?\u00a0<\/em><\/strong><\/p>\n<p>Niezale\u017cnie od sposobu jej rozumienia i definiowania, muzyka jest elementem naszego codziennego \u017cycia i takim ju\u017c pozostanie ?<\/p>\n<p>Jerzy Migo\u0144<\/p>\n<p><strong>09.11.2011 r.<\/strong><\/p>\n<p>Sen to zdrowie, on i ona, ma\u0142y i du\u017cy ci to powie.<\/p>\n<p>Ale co zrobi\u0107 aby sen i nast\u0119pny dzie\u0144 by\u0142 powiedzmy &#8211; niebia\u0144ski<\/p>\n<p>uzmys\u0142owi\u0142 lub przypomnia\u0142 Pan dr Marek Pola\u0144ski<\/p>\n<p>w wyk\u0142adzie &#8222;Jaki ma by\u0107 sen, aby by\u0107 wypocz\u0119tym&#8221;<\/p>\n<p>w dniu 10.11.2011 r. S\u0142uchacze z zainteresowaniem uwag i rad wys\u0142uchali.<\/p>\n<p>Nie rzadko wyk\u0142ad przerywali i bardziej szczeg\u00f3\u0142owe pytania zadawali.<\/p>\n<p>Niew\u0105tpliwie d\u0142ugie i wyczerpuj\u0105ce wyja\u015bnienia i interpretacj\u0119 otrzymali.<\/p>\n<p>My\u015bl\u0119 \u017ce jutro, pojutrze i p\u00f3\u017aniej nasza pami\u0119\u0107 o dobre wskaz\u00f3wki Pana doktora zahaczy.<\/p>\n<p>Znajdzie do\u015b\u0107 argument\u00f3w aby zdrowo spa\u0107 na z\u0142o\u015b\u0107 intrygantom rzeczywistym i tym z pod\u015bwiadomo\u015bci.<\/p>\n<p>Wyciszenie i relaks przed snem jest nadzwyczaj wa\u017cny, bo zdrowie tak\u017ce we \u015bnie nadchodzi &#8211; powa\u017cnie !?<\/p>\n<p>Teresa\u00a0Serafin<\/p>\n<p>&nbsp;<\/p>\n<p><strong>02<\/strong><strong>.11.2011 r.<\/strong><\/p>\n<p>Wyspia\u0144ski, Mi\u0142osz, Twardowski (a raczej ich tw\u00f3rczo\u015b\u0107) byli go\u015b\u0107mi Uniwersytetu Trzeciego Wieku w czasie <strong><em>Zaduszkowego wieczoru poezji i refleksji. <\/em>? <\/strong>Szczeg\u00f3lna atmosfera, towarzysz\u0105ca poezji prezentowanej przez Mari\u0119 Stokowsk\u0105-Misiurkiewicz (aktorka Teatru \u015al\u0105skiego w Katowicach), by\u0142a dla obecnych okazj\u0105 do pog\u0142\u0119bienia refleksji towarzysz\u0105cej zwykle pierwszym dniom listopada ? Obok nuty melancholii i zadumy wyra\u017anie wyczuwalna by\u0142a tak\u017ce ?obecno\u015b\u0107? optymizmu, z jakim s\u0142uchacze UTW podchodz\u0105 do pierwszych zaj\u0119\u0107 nowego roku akademickiego ? (i jeszcze kilka fotek ? patrz GALERIA)<\/p>\n<p>Jerzy Migo\u0144<\/p>\n<p>&nbsp;<\/p>\n<p><strong>26.10.2011 r.<\/strong><\/p>\n<p><strong>\u00a0\u00a0\u00a0\u00a0\u00a0\u00a0\u00a0 Sami sobie jeste\u015bmy winni<\/strong> ? to wniosek, kt\u00f3ry p\u0142yn\u0105\u0142 z wyk\u0142adu dr Marka Pola\u0144skiego (na forum UTW) po\u015bwi\u0119conego przyczynom i nast\u0119pstwom naturalnych kataklizm\u00f3w na Ziemi. ? Nadmierna ingerencja cz\u0142owieka w \u015brodo-wisko naturalne, niekontrolowany rozw\u00f3j gospodarczy i zbrojenia to g\u0142\u00f3wne przyczyny zaburzenia r\u00f3wnowagi ekologicznej, kt\u00f3re nios\u0105 za sob\u0105 konsekwencje w postaci anomalii pogodowych, po\u017car\u00f3w, powodzi, zjawisk sejsmicznych itp. ? Czy mo\u017cna ich unikn\u0105\u0107 ? Jak ograniczy\u0107 ich skutki ? ? To istotne problemy ludzko\u015bci ?<\/p>\n<p>Jerzy Migo\u0144<\/p>\n<p>&nbsp;<\/p>\n<p><strong>22.10.2011 r.<\/strong><\/p>\n<p><strong>\u00a0\u00a0\u00a0\u00a0\u00a0\u00a0\u00a0\u00a0 Start w stylu nordyckim ?<\/strong> sympatycy aktywnego wypoczynku spotkali si\u0119 na pierwszych w roku akademickim zaj\u0119ciach Nordic Walking. &#8230; Kr\u00f3tki instruktarz teoretyczny dr Ryszarda Grzywocza (AWF) i mo\u017cna by\u0142o przej\u015b\u0107 do marszu ? Ci, kt\u00f3rym jeszcze przeszkadza\u0142y kijki radzili sobie bez nich. ? trening czyni mistrza &#8211; zatem z czasem b\u0119dzie lepiej. ? (nie tylko dla &#8222;wzrokowc\u00f3w&#8221; cz\u0105stka fotograficznej dokumentacji &#8211; patrz GALERIA).<\/p>\n<p>Jerzy Migo\u0144<\/p>\n","protected":false},"excerpt":{"rendered":"<div class=\"mh-excerpt\"><p>20.06.2012 r. Pierwszy rok dobieg\u0142 ko\u0144ca ? Nie by\u0142o \u0142atwo, ale te\u017c nikt nie obiecywa\u0142, \u017ce tak b\u0119dzie. Uczyli\u015bmy si\u0119 wszyscy ? organizatorzy i s\u0142uchacze. <a class=\"mh-excerpt-more\" href=\"http:\/\/xonit.eu\/utwswce\/rok-akademicki-20112012\/\" title=\"Rok akademicki 2011\/2012\">[&#8230;]<\/a><\/p>\n<\/div>","protected":false},"author":1,"featured_media":0,"parent":0,"menu_order":0,"comment_status":"closed","ping_status":"closed","template":"","meta":{"_vp_format_video_url":"","_vp_image_focal_point":[],"footnotes":""},"class_list":["post-216","page","type-page","status-publish","hentry"],"_links":{"self":[{"href":"http:\/\/xonit.eu\/utwswce\/wp-json\/wp\/v2\/pages\/216","targetHints":{"allow":["GET"]}}],"collection":[{"href":"http:\/\/xonit.eu\/utwswce\/wp-json\/wp\/v2\/pages"}],"about":[{"href":"http:\/\/xonit.eu\/utwswce\/wp-json\/wp\/v2\/types\/page"}],"author":[{"embeddable":true,"href":"http:\/\/xonit.eu\/utwswce\/wp-json\/wp\/v2\/users\/1"}],"replies":[{"embeddable":true,"href":"http:\/\/xonit.eu\/utwswce\/wp-json\/wp\/v2\/comments?post=216"}],"version-history":[{"count":2,"href":"http:\/\/xonit.eu\/utwswce\/wp-json\/wp\/v2\/pages\/216\/revisions"}],"predecessor-version":[{"id":218,"href":"http:\/\/xonit.eu\/utwswce\/wp-json\/wp\/v2\/pages\/216\/revisions\/218"}],"wp:attachment":[{"href":"http:\/\/xonit.eu\/utwswce\/wp-json\/wp\/v2\/media?parent=216"}],"curies":[{"name":"wp","href":"https:\/\/api.w.org\/{rel}","templated":true}]}}