{"id":2118,"date":"2021-10-18T23:16:10","date_gmt":"2021-10-18T21:16:10","guid":{"rendered":"http:\/\/xonit.eu\/utwswce\/?page_id=2118"},"modified":"2025-11-11T11:16:30","modified_gmt":"2025-11-11T10:16:30","slug":"biuletyn-utw","status":"publish","type":"page","link":"http:\/\/xonit.eu\/utwswce\/biuletyn-utw\/","title":{"rendered":"Biuletyn &#8211; UTW"},"content":{"rendered":"\n<p>Biuletyn &#8211; PA\u0179DZIERNIK 2025 &#8211; <a href=\"http:\/\/xonit.eu\/utwswce\/wp-content\/uploads\/2025\/11\/biuletyn_utw_pazzzdziernik_2025.pdf\">POBIERZ<\/a><\/p>\n\n\n\n<p>Biuletyn &#8211; WRZESIE\u0143 2024 &#8211; <a href=\"http:\/\/xonit.eu\/utwswce\/wp-content\/uploads\/2024\/10\/biuletyn_utw_2024.pdf\">POBIERZ<\/a><\/p>\n\n\n\n<p>Biuletyn &#8211; WRZESIE\u0143 2023 &#8211; <a href=\"http:\/\/xonit.eu\/utwswce\/wp-content\/uploads\/2023\/10\/biuletyn_utw_2023_20-stron_04_09_2023.pdf\">POBIERZ<\/a><\/p>\n\n\n\n<p>Biuletyn &#8211; PA\u0179DZIERNIK 2022 &#8211; <a href=\"http:\/\/xonit.eu\/utwswce\/wp-content\/uploads\/2023\/09\/biuletyn_utw_29_09_2022.pdf\">POBIERZ<\/a><\/p>\n\n\n\n<p>Biuletyn &#8211; PA\u0179DZIERNIK 2021 &#8211; <a href=\"http:\/\/xonit.eu\/utwswce\/wp-content\/uploads\/2021\/10\/biuletyn_utw_2_2021_10_2021.pdf\">POBIERZ<\/a><\/p>\n\n\n\n<p>Biuletyn &#8211; Maj 2021 &#8211; <a href=\"http:\/\/xonit.eu\/utwswce\/wp-content\/uploads\/2021\/10\/biuletyn_utw_1_2021_05_2021.pdf\">POBIERZ<\/a><\/p>\n\n\n\n<hr class=\"wp-block-separator has-css-opacity\"\/>\n\n\n\n<p class=\"has-text-align-center\"> <em>Do przegl\u0105dania i drukowania plik\u00f3w w formacie PDF niezb\u0119dny jest  program Adobe Acrobat Reader, kt\u00f3ry mo\u017cna pobra\u0107 bezp\u0142atnie ze strony <a href=\"http:\/\/www.adobe.com\">www.adobe.com<\/a><\/em> <\/p>\n","protected":false},"excerpt":{"rendered":"<div class=\"mh-excerpt\"><p>Biuletyn &#8211; PA\u0179DZIERNIK 2025 &#8211; POBIERZ Biuletyn &#8211; WRZESIE\u0143 2024 &#8211; POBIERZ Biuletyn &#8211; WRZESIE\u0143 2023 &#8211; POBIERZ Biuletyn &#8211; PA\u0179DZIERNIK 2022 &#8211; POBIERZ Biuletyn <a class=\"mh-excerpt-more\" href=\"http:\/\/xonit.eu\/utwswce\/biuletyn-utw\/\" title=\"Biuletyn &#8211; UTW\">[&#8230;]<\/a><\/p>\n<\/div>","protected":false},"author":1,"featured_media":0,"parent":0,"menu_order":0,"comment_status":"closed","ping_status":"closed","template":"","meta":{"_vp_format_video_url":"","_vp_image_focal_point":[],"footnotes":""},"class_list":["post-2118","page","type-page","status-publish","hentry"],"_links":{"self":[{"href":"http:\/\/xonit.eu\/utwswce\/wp-json\/wp\/v2\/pages\/2118","targetHints":{"allow":["GET"]}}],"collection":[{"href":"http:\/\/xonit.eu\/utwswce\/wp-json\/wp\/v2\/pages"}],"about":[{"href":"http:\/\/xonit.eu\/utwswce\/wp-json\/wp\/v2\/types\/page"}],"author":[{"embeddable":true,"href":"http:\/\/xonit.eu\/utwswce\/wp-json\/wp\/v2\/users\/1"}],"replies":[{"embeddable":true,"href":"http:\/\/xonit.eu\/utwswce\/wp-json\/wp\/v2\/comments?post=2118"}],"version-history":[{"count":12,"href":"http:\/\/xonit.eu\/utwswce\/wp-json\/wp\/v2\/pages\/2118\/revisions"}],"predecessor-version":[{"id":4685,"href":"http:\/\/xonit.eu\/utwswce\/wp-json\/wp\/v2\/pages\/2118\/revisions\/4685"}],"wp:attachment":[{"href":"http:\/\/xonit.eu\/utwswce\/wp-json\/wp\/v2\/media?parent=2118"}],"curies":[{"name":"wp","href":"https:\/\/api.w.org\/{rel}","templated":true}]}}