{"id":2047,"date":"2021-09-16T22:19:51","date_gmt":"2021-09-16T20:19:51","guid":{"rendered":"http:\/\/xonit.eu\/utwswce\/?page_id=2047"},"modified":"2021-09-16T22:21:07","modified_gmt":"2021-09-16T20:21:07","slug":"rodo","status":"publish","type":"page","link":"http:\/\/xonit.eu\/utwswce\/rodo\/","title":{"rendered":"RODO"},"content":{"rendered":"\n<p><strong>KLAUZULA INFORMACYJNA DLA CZ\u0141ONKA STOWARZYSZENIA <br> <\/strong>Zgodnie z art. 13 Rozporz\u0105dzenia Parlamentu Europejskiego i Rady (UE) 2016\/679 z dnia 27 kwietnia 2016 r. w sprawie ochrony os\u00f3b fizycznych w zwi\u0105zku z przetwarzaniem danych osobowych i w sprawie swobodnego przep\u0142ywu takich danych oraz uchylenia dyrektywy 95\/46\/WE (og\u00f3lne rozporz\u0105dzenie o ochronie danych) &#8211; dalej RODO <strong>informujemy, \u017ce:<\/strong><\/p>\n\n\n\n<ol class=\"wp-block-list\"><li>Administratorem Pani\/Pana danych\nosobowych jest <strong>Stowarzyszenie\nUniwersytet Trzeciego Wieku w \u015awi\u0119toch\u0142owicach, ul. Bytomska 40, 41-600\n\u015awi\u0119toch\u0142owice.<\/strong><\/li><li>Administrator danych nie jest\nzobowi\u0105zany do powo\u0142ania inspektora ochrony danych. Administrator danych nie\npowo\u0142a\u0142 inspektora ochrony danych. Kontakt do administratora danych: <strong>&#8230;&#8230;&#8230;&#8230;&#8230;&#8230;&#8230;.<\/strong>.<\/li><li>Pani\/Pana dane osobowe\nprzetwarzane s\u0105 w celach:<\/li><li>realizacji zada\u0144 statutowych Administratora, <\/li><li>cz\u0142onkostwa w Stowarzyszeniu Uniwersytet Trzeciego Wieku w\n\u015awi\u0119toch\u0142owicach,<\/li><li>budowania dobrego wizerunku Administratora, <\/li><li>techniczno-organizacyjnych.<\/li><li>Podstawa prawna przetwarzania\ndanych osobowych: <\/li><li>przetwarzanie\nPani\/Pana danych osobowych jest niezb\u0119dne do wykonania zada\u0144 realizowanych <br>\nw interesie publicznym i odbywa si\u0119 na podstawie artyku\u0142u 6 ust. 1 lit. e)\nRODO,<\/li><li>przetwarzanie\nPani\/Pana danych osobowych jest niezb\u0119dne do cel\u00f3w wynikaj\u0105cych z prawnie\nuzasadnionych interes\u00f3w realizowanych przez Administratora w zwi\u0105zku z\nprowadzon\u0105 dzia\u0142alno\u015bci\u0105 statutow\u0105 i odbywa si\u0119 na podstawie artyku\u0142u 6 ust. 1\nlit. f) RODO,<\/li><li>przetwarzanie\nPani\/Pana danych wizerunkowych odbywa si\u0119&nbsp;\nna podstawie wyra\u017conej przez Pani\/Pana zgody, tj. na podstawie artyku\u0142u\n6 ust. 1 lit. a) RODO, <\/li><li>przetwarzanie\nPani\/Pana danych osobowych jest niezb\u0119dne do wype\u0142nienia obowi\u0105zku prawnego\nci\u0105\u017c\u0105cego na Administratorze w zakresie dokumentowania zdarze\u0144 gospodarczych\ndla cel\u00f3w podatkowych i rachunkowych i odbywa si\u0119 na podstawie artyku\u0142u 6 ust.\n1 lit c) RODO.<\/li><li>Pani\/Pana dane osobowe mog\u0105 by\u0107\nudost\u0119pnione\/ powierzone wy\u0142\u0105cznie podmiotom uprawnionym do uzyskania danych\nosobowych na podstawie przepis\u00f3w prawa, a tak\u017ce wsp\u00f3\u0142pracownikom\nAdministratora, zewn\u0119trznemu biuru rachunkowemu oraz firmom ubezpieczeniowym w\nprzypadku wykupienia polisy ubezpieczeniowej.<\/li><li>Pani\/Pana dane osobowe\nprzechowywane b\u0119d\u0105 przez okres niezb\u0119dny do realizacji ww. cel\u00f3w oraz\nobowi\u0105zk\u00f3w archiwalnych i statystycznych, jak r\u00f3wnie\u017c dla udokumentowania\ndzia\u0142alno\u015bci Administratora.<em><\/em><\/li><li>Posiada Pani\/Pan prawo do: \u017c\u0105dania\nod administratora dost\u0119pu do danych osobowych, prawo do ich sprostowania,\nusuni\u0119cia lub ograniczenia przetwarzania, prawo do wniesienia sprzeciwu wobec\nprzetwarzania,&nbsp; prawo do przenoszenia\ndanych, a tak\u017ce prawo do cofni\u0119cia zgody w dowolnym momencie gdy przetwarzanie\ndanych odbywa si\u0119 na jej podstawie.<\/li><li>Posiada Pani\/Pan prawo wniesienia\nskargi do organu nadzorczego, kt\u00f3rym jest Prezes Urz\u0119du Ochrony Danych\nOsobowych.<\/li><li>Podanie przez Pani\u0105\/Pana danych\nosobowych jest niezb\u0119dne do przyj\u0119cia Pani\/Pana w poczet cz\u0142onk\u00f3w\nStowarzyszenia\/ cz\u0142onkostwa w Stowarzyszeniu Uniwersytet Trzeciego Wieku w\n\u015awi\u0119toch\u0142owicach oraz uczestniczenia i korzystania z wydarze\u0144 organizowanych i\nprowadzonych przez Administratora w ramach dzia\u0142alno\u015bci statutowej. Wyra\u017canie\nzgody na przetwarzanie Pani\/Pana danych wizerunkowych jest dobrowolne.<\/li><li>Udost\u0119pnione przez Pani\u0105\/Pana dane\nnie b\u0119d\u0105 podlega\u0142y profilowaniu.<\/li><\/ol>\n\n\n\n<p>Profilowanie to \u2013 zgodnie z art. 4 pkt 4) RODO dowolna forma zautomatyzowanego przetwarzania danych osobowych, kt\u00f3ra polega na wykorzystaniu danych osobowych do oceny niekt\u00f3rych czynnik\u00f3w osobowych osoby fizycznej, w szczeg\u00f3lno\u015bci do analizy lub prognozy aspekt\u00f3w dotycz\u0105cych efekt\u00f3w pracy tej osoby fizycznej, jej sytuacji ekonomicznej, zdrowia, osobistych preferencji, zainteresowa\u0144, wiarygodno\u015bci, zachowania, lokalizacji lub przemieszczania si\u0119. Administrator danych nie b\u0119dzie przekazywa\u0142 Pani\/Pana danych osobowych do pa\u0144stwa trzeciego lub organizacji mi\u0119dzynarodowej. <\/p>\n\n\n\n<p class=\"has-text-align-center\"><a href=\"http:\/\/xonit.eu\/utwswce\/wp-content\/uploads\/2021\/09\/rodo_utw.pdf\">Do pobrania w PDF<\/a><\/p>\n","protected":false},"excerpt":{"rendered":"<div class=\"mh-excerpt\"><p>KLAUZULA INFORMACYJNA DLA CZ\u0141ONKA STOWARZYSZENIA Zgodnie z art. 13 Rozporz\u0105dzenia Parlamentu Europejskiego i Rady (UE) 2016\/679 z dnia 27 kwietnia 2016 r. w sprawie ochrony <a class=\"mh-excerpt-more\" href=\"http:\/\/xonit.eu\/utwswce\/rodo\/\" title=\"RODO\">[&#8230;]<\/a><\/p>\n<\/div>","protected":false},"author":1,"featured_media":0,"parent":0,"menu_order":0,"comment_status":"closed","ping_status":"closed","template":"","meta":{"_vp_format_video_url":"","_vp_image_focal_point":[],"footnotes":""},"class_list":["post-2047","page","type-page","status-publish","hentry"],"_links":{"self":[{"href":"http:\/\/xonit.eu\/utwswce\/wp-json\/wp\/v2\/pages\/2047","targetHints":{"allow":["GET"]}}],"collection":[{"href":"http:\/\/xonit.eu\/utwswce\/wp-json\/wp\/v2\/pages"}],"about":[{"href":"http:\/\/xonit.eu\/utwswce\/wp-json\/wp\/v2\/types\/page"}],"author":[{"embeddable":true,"href":"http:\/\/xonit.eu\/utwswce\/wp-json\/wp\/v2\/users\/1"}],"replies":[{"embeddable":true,"href":"http:\/\/xonit.eu\/utwswce\/wp-json\/wp\/v2\/comments?post=2047"}],"version-history":[{"count":3,"href":"http:\/\/xonit.eu\/utwswce\/wp-json\/wp\/v2\/pages\/2047\/revisions"}],"predecessor-version":[{"id":2051,"href":"http:\/\/xonit.eu\/utwswce\/wp-json\/wp\/v2\/pages\/2047\/revisions\/2051"}],"wp:attachment":[{"href":"http:\/\/xonit.eu\/utwswce\/wp-json\/wp\/v2\/media?parent=2047"}],"curies":[{"name":"wp","href":"https:\/\/api.w.org\/{rel}","templated":true}]}}