{"id":171,"date":"2017-01-31T23:06:38","date_gmt":"2017-01-31T22:06:38","guid":{"rendered":"http:\/\/xonit.eu\/utwswce\/?page_id=171"},"modified":"2025-10-15T08:37:54","modified_gmt":"2025-10-15T06:37:54","slug":"zajecia-fakultatywne","status":"publish","type":"page","link":"http:\/\/xonit.eu\/utwswce\/zajecia-fakultatywne\/","title":{"rendered":"Zaj\u0119cia fakultatywne"},"content":{"rendered":"\n<p><strong>Zarz\u0105d UTW w \u015awi\u0119toch\u0142owicach informuje, \u017ce zaj\u0119cia fakultatywne odbywa\u0107 si\u0119 b\u0119d\u0105 <\/strong><br><strong>w nast\u0119puj\u0105cych terminach:<\/strong><\/p>\n\n\n\n<p><strong><span style=\"text-decoration: underline;\">Poniedzia\u0142ek<\/span><\/strong><br><strong>Gimnastyka w basenie<\/strong> &#8211; Pia\u015bniki \/ul. Zubrzyckiego 38, \u015awi\u0119toch\u0142owice\/ &#8211; godz. 16:40 &#8211; 17:25<\/p>\n\n\n\n<p><strong><span style=\"text-decoration: underline;\">Wtorek<\/span><\/strong><br><strong>Lektorat z j\u0119zyka angielskiego &#8211; OSiR Ska\u0142ka &#8211; biuro UTW<\/strong><br>&#8211; godzina 13:00 &#8211; 14:00 &#8211; dla zaawansowanych<br>&#8211; godzina 14:00 &#8211; 15:00 &#8211; dla pocz\u0105tkuj\u0105cych<br><strong>JOGA<\/strong> &#8211; I LO \/ul. Licealna 1, \u015awi\u0119toch\u0142owice\/ &#8211; godz. 16.30 &#8211; 17:30<\/p>\n\n\n\n<p><strong><span style=\"text-decoration: underline;\">Czwartek<\/span><\/strong><br><strong>Gimnastyka z rytmik\u0105<\/strong> &#8211; MDK \/ul. Harcerska 1, \u015awi\u0119toch\u0142owice\/ &#8211; godz. 14.45 &#8211; 15:45<\/p>\n\n\n\n<p><strong><span style=\"text-decoration: underline;\">Pi\u0105tek<\/span><\/strong><br><strong>Strzelectwo<\/strong> <strong>&#8211;<\/strong> Strzelnica sportowa Flor-Amator \/ul. Metalowc\u00f3w 5, \u015awi\u0119toch\u0142owice\/ &#8211; godz. 11:00 &#8211; 13:00<\/p>\n\n\n\n<hr class=\"wp-block-separator has-css-opacity\"\/>\n","protected":false},"excerpt":{"rendered":"<div class=\"mh-excerpt\"><p>Zarz\u0105d UTW w \u015awi\u0119toch\u0142owicach informuje, \u017ce zaj\u0119cia fakultatywne odbywa\u0107 si\u0119 b\u0119d\u0105 w nast\u0119puj\u0105cych terminach: Poniedzia\u0142ekGimnastyka w basenie &#8211; Pia\u015bniki \/ul. Zubrzyckiego 38, \u015awi\u0119toch\u0142owice\/ &#8211; godz. <a class=\"mh-excerpt-more\" href=\"http:\/\/xonit.eu\/utwswce\/zajecia-fakultatywne\/\" title=\"Zaj\u0119cia fakultatywne\">[&#8230;]<\/a><\/p>\n<\/div>","protected":false},"author":1,"featured_media":0,"parent":0,"menu_order":0,"comment_status":"closed","ping_status":"closed","template":"","meta":{"_vp_format_video_url":"","_vp_image_focal_point":[],"footnotes":""},"class_list":["post-171","page","type-page","status-publish","hentry"],"_links":{"self":[{"href":"http:\/\/xonit.eu\/utwswce\/wp-json\/wp\/v2\/pages\/171","targetHints":{"allow":["GET"]}}],"collection":[{"href":"http:\/\/xonit.eu\/utwswce\/wp-json\/wp\/v2\/pages"}],"about":[{"href":"http:\/\/xonit.eu\/utwswce\/wp-json\/wp\/v2\/types\/page"}],"author":[{"embeddable":true,"href":"http:\/\/xonit.eu\/utwswce\/wp-json\/wp\/v2\/users\/1"}],"replies":[{"embeddable":true,"href":"http:\/\/xonit.eu\/utwswce\/wp-json\/wp\/v2\/comments?post=171"}],"version-history":[{"count":52,"href":"http:\/\/xonit.eu\/utwswce\/wp-json\/wp\/v2\/pages\/171\/revisions"}],"predecessor-version":[{"id":4633,"href":"http:\/\/xonit.eu\/utwswce\/wp-json\/wp\/v2\/pages\/171\/revisions\/4633"}],"wp:attachment":[{"href":"http:\/\/xonit.eu\/utwswce\/wp-json\/wp\/v2\/media?parent=171"}],"curies":[{"name":"wp","href":"https:\/\/api.w.org\/{rel}","templated":true}]}}