{"id":1521,"date":"2020-08-05T11:25:29","date_gmt":"2020-08-05T09:25:29","guid":{"rendered":"http:\/\/xonit.eu\/utwswce\/?page_id=1521"},"modified":"2020-10-03T17:36:54","modified_gmt":"2020-10-03T15:36:54","slug":"wyklady-on-line","status":"publish","type":"page","link":"http:\/\/xonit.eu\/utwswce\/wyklady-on-line\/","title":{"rendered":"Wakacje z UTW"},"content":{"rendered":"<p><!--StartFragment--><\/p>\n<p>\n<!--StartFragment--><\/p>\n\n\n<p> <strong><em>30.09.2020 &#8211;  Wakacje z UTW<\/em><\/strong>   <\/p>\n\n\n\n<p class=\"has-text-align-center\"><em>Prezes Krystyna Krzemi\u0144ska<\/em> <\/p>\n\n\n\n<iframe loading=\"lazy\" src=\"https:\/\/www.facebook.com\/plugins\/video.php?height=420&#038;href=https%3A%2F%2Fwww.facebook.com%2F652469742032528%2Fvideos%2F779819402868226%2F&#038;show_text=false&#038;width=560\" width=\"560\" height=\"420\" style=\"border:none;overflow:hidden\" scrolling=\"no\" frameborder=\"0\" allowTransparency=\"true\" allow=\"encrypted-media\" allowFullScreen=\"true\"><\/iframe>\n\n\n\n<p> <\/p>\n\n\n\n<p><strong><em>30.09.2020 &#8211;  Partycypacyjne spo\u0142ecze\u0144stwo obywatelskie we wsp\u00f3\u0142czesnej demokracji<\/em><\/strong><\/p>\n\n\n\n<p class=\"has-text-align-center\"><em>dr Marcin Gacek<\/em><\/p>\n\n\n\n<iframe loading=\"lazy\" src=\"https:\/\/www.facebook.com\/plugins\/video.php?height=314&#038;href=https%3A%2F%2Fwww.facebook.com%2F652469742032528%2Fvideos%2F2644150912514104%2F&#038;show_text=false&#038;width=560\" width=\"560\" height=\"314\" style=\"border:none;overflow:hidden\" scrolling=\"no\" frameborder=\"0\" allowTransparency=\"true\" allow=\"encrypted-media\" allowFullScreen=\"true\"><\/iframe>\n\n\n\n<hr class=\"wp-block-separator\"\/>\n\n\n\n<p> <strong><em>23.09.2020 &#8211;  Wakacje z UTW<\/em><\/strong>   <\/p>\n\n\n\n<p class=\"has-text-align-center\"><em>Prezes Krystyna Krzemi\u0144ska<\/em> <\/p>\n\n\n\n<iframe loading=\"lazy\" src=\"https:\/\/www.facebook.com\/plugins\/video.php?href=https%3A%2F%2Fwww.facebook.com%2F652469742032528%2Fvideos%2F2404431639859406%2F&#038;show_text=0&#038;width=560\" width=\"560\" height=\"420\" style=\"border:none;overflow:hidden\" scrolling=\"no\" frameborder=\"0\" allowTransparency=\"true\" allowFullScreen=\"true\"><\/iframe>\n\n\n\n<p> <\/p>\n\n\n\n<p><strong><em>23.09.2020 &#8211;  Pejza\u017ce Nowego Jorku<\/em><\/strong><\/p>\n\n\n\n<p class=\"has-text-align-center\"><em>dr Barbara Lewicka<\/em><\/p>\n\n\n\n<iframe loading=\"lazy\" src=\"https:\/\/www.facebook.com\/plugins\/video.php?href=https%3A%2F%2Fwww.facebook.com%2F652469742032528%2Fvideos%2F978222126014887%2F&#038;show_text=0&#038;width=560\" width=\"560\" height=\"312\" style=\"border:none;overflow:hidden\" scrolling=\"no\" frameborder=\"0\" allowTransparency=\"true\" allowFullScreen=\"true\"><\/iframe>\n\n\n<p><!--EndFragment--><\/p>\n<p><!--EndFragment--><\/p>\n\n\n<hr class=\"wp-block-separator\"\/>\n\n\n\n<p> <strong><em>16.09.2020 &#8211;  Wakacje z UTW<\/em><\/strong>   <\/p>\n\n\n\n<p class=\"has-text-align-center\"><em>Prezes Krystyna Krzemi\u0144ska<\/em> <\/p>\n\n\n\n<iframe loading=\"lazy\" src=\"https:\/\/www.facebook.com\/plugins\/video.php?href=https%3A%2F%2Fwww.facebook.com%2F652469742032528%2Fvideos%2F3314495885328553%2F&#038;show_text=0&#038;width=560\" width=\"560\" height=\"420\" style=\"border:none;overflow:hidden\" scrolling=\"no\" frameborder=\"0\" allowTransparency=\"true\" allowFullScreen=\"true\"><\/iframe>\n\n\n\n<p> <strong><em>16.09.2020 &#8211;  Legenda Henryka Wieniawskiego<\/em><\/strong><\/p>\n\n\n\n<p class=\"has-text-align-center\"><em>Red. Jacek Wole\u0144ski<\/em><\/p>\n\n\n\n<iframe loading=\"lazy\" src=\"https:\/\/www.facebook.com\/plugins\/video.php?href=https%3A%2F%2Fwww.facebook.com%2F652469742032528%2Fvideos%2F250302722946121%2F&#038;show_text=0&#038;width=560\" width=\"560\" height=\"420\" style=\"border:none;overflow:hidden\" scrolling=\"no\" frameborder=\"0\" allowTransparency=\"true\" allowFullScreen=\"true\"><\/iframe>\n\n\n<p><!--EndFragment--><\/p>\n<p><!--EndFragment--><\/p>\n<hr>\n<p><!--StartFragment--><\/p>\n\n\n<p> <strong><em>9.09.2020 &#8211;  Wakacje z UTW<\/em><\/strong>   <\/p>\n\n\n\n<p class=\"has-text-align-center\"><em>Prezes Krystyna Krzemi\u0144ska<\/em> <\/p>\n\n\n\n<iframe loading=\"lazy\" src=\"https:\/\/www.facebook.com\/plugins\/video.php?href=https%3A%2F%2Fwww.facebook.com%2F652469742032528%2Fvideos%2F693431161594056%2F&#038;show_text=0&#038;width=560\" width=\"560\" height=\"420\" style=\"border:none;overflow:hidden\" scrolling=\"no\" frameborder=\"0\" allowTransparency=\"true\" allowFullScreen=\"true\"><\/iframe>\n\n\n\n<p> <strong><em>9.09.2020 &#8211;  Karol Godula i jego Joasia<\/em><\/strong><\/p>\n\n\n\n<p class=\"has-text-align-center\"><em>mgr Marian Piegza<\/em><\/p>\n\n\n\n<iframe loading=\"lazy\" src=\"https:\/\/www.youtube.com\/embed\/5KLDos_o5q4\" allow=\"accelerometer; autoplay; encrypted-media; gyroscope; picture-in-picture\" allowfullscreen=\"\" width=\"560\" height=\"315\" frameborder=\"0\"><\/iframe>\n\n\n\n<hr class=\"wp-block-separator\"\/>\n\n\n\n<p><strong><em>2.09.2020 &#8211;  Wakacje z UTW<\/em><\/strong>   <\/p>\n\n\n\n<p class=\"has-text-align-center\"><em>Prezes Krystyna Krzemi\u0144ska<\/em> <\/p>\n\n\n\n<iframe loading=\"lazy\" src=\"https:\/\/www.facebook.com\/plugins\/video.php?href=https%3A%2F%2Fwww.facebook.com%2F652469742032528%2Fvideos%2F319241325952250%2F&#038;show_text=0&#038;width=560\" width=\"560\" height=\"420\" style=\"border:none;overflow:hidden\" scrolling=\"no\" frameborder=\"0\" allowTransparency=\"true\" allowFullScreen=\"true\"><\/iframe>\n\n\n\n<p> <strong><em>2.09.2020 &#8211;  Kochanowski na G\u0142\u00f3wnym Szlaku Beskidzkim<\/em><\/strong><\/p>\n\n\n\n<p class=\"has-text-align-center\"><em>dr Anna \u017burek<\/em><\/p>\n\n\n\n<iframe loading=\"lazy\" src=\"https:\/\/www.facebook.com\/plugins\/video.php?href=https%3A%2F%2Fwww.facebook.com%2F652469742032528%2Fvideos%2F672652173337084%2F&#038;show_text=0&#038;width=560\" width=\"560\" height=\"300\" style=\"border:none;overflow:hidden\" scrolling=\"no\" frameborder=\"0\" allowTransparency=\"true\" allowFullScreen=\"true\"><\/iframe>\n\n\n<p><!--EndFragment--><\/p>\n<hr>\n\n\n<p> <strong><em>26.08.2020 &#8211;  Wakacje z UTW<\/em><\/strong>   <\/p>\n\n\n\n<p class=\"has-text-align-center\"><em>Prezes Krystyna Krzemi\u0144ska<\/em> <\/p>\n\n\n\n<figure><figure><iframe loading=\"lazy\" src=\"https:\/\/www.facebook.com\/plugins\/video.php?href=https%3A%2F%2Fwww.facebook.com%2F652469742032528%2Fvideos%2F2787736091457160%2F&amp;show_text=0&amp;width=560\" style=\"border:none;overflow:hidden\" scrolling=\"no\" allowtransparency=\"true\" allowfullscreen=\"true\" width=\"560\" height=\"420\" frameborder=\"0\"><\/iframe><\/figure><\/figure>\n\n\n\n<p> <strong><em>26.08.2020 &#8211;  Rok 2020 Rokiem \u015bw. Jana Paw\u0142a II<\/em><\/strong> <\/p>\n\n\n\n<p class=\"has-text-align-center\"><em>ks. dr Stanis\u0142aw Pucha\u0142a<\/em><\/p>\n\n\n\n<iframe loading=\"lazy\" src=\"https:\/\/www.facebook.com\/plugins\/video.php?href=https%3A%2F%2Fwww.facebook.com%2F652469742032528%2Fvideos%2F355023948834859%2F&#038;show_text=0&#038;width=560\" width=\"560\" height=\"420\" style=\"border:none;overflow:hidden\" scrolling=\"no\" frameborder=\"0\" allowTransparency=\"true\" allowFullScreen=\"true\"><\/iframe>\n\n\n\n<hr class=\"wp-block-separator\"\/>\n\n\n\n<p><strong><em>12.08.2020 &#8211;  Wakacje z UTW<\/em><\/strong>  <\/p>\n\n\n\n<p class=\"has-text-align-center\">  <em>Prezes Krystyna Krzemi\u0144ska<\/em><\/p>\n\n\n\n<figure class=\"wp-block-embed-youtube wp-block-embed is-type-video is-provider-youtube wp-embed-aspect-4-3 wp-has-aspect-ratio\"><div class=\"wp-block-embed__wrapper\">\n<iframe loading=\"lazy\" title=\"Wakacje z UTW - 19 08 2020\" width=\"500\" height=\"375\" src=\"https:\/\/www.youtube.com\/embed\/HGkhIvQB4yA?feature=oembed\" frameborder=\"0\" allow=\"accelerometer; autoplay; clipboard-write; encrypted-media; gyroscope; picture-in-picture; web-share\" referrerpolicy=\"strict-origin-when-cross-origin\" allowfullscreen><\/iframe>\n<\/div><\/figure>\n\n\n\n<p><strong><em>19.08.2020 &#8211;  Nawi\u0105zanie do pocz\u0105tku: \u201eFenomen dynastii Strauss\u00f3w\u201d <\/em><\/strong><\/p>\n\n\n\n<p class=\"has-text-align-center\"><em>red. Jacek Wole\u0144ski<\/em><\/p>\n\n\n\n<figure class=\"wp-block-embed-youtube wp-block-embed is-type-video is-provider-youtube wp-embed-aspect-4-3 wp-has-aspect-ratio\"><div class=\"wp-block-embed__wrapper\">\n<iframe loading=\"lazy\" title=\"Nawi\u0105zanie do pocz\u0105tku: \u201eFenomen dynastii Strauss\u00f3w\u201d - red. Jacek Wole\u0144ski\" width=\"500\" height=\"375\" src=\"https:\/\/www.youtube.com\/embed\/uUnw1cRnaKQ?feature=oembed\" frameborder=\"0\" allow=\"accelerometer; autoplay; clipboard-write; encrypted-media; gyroscope; picture-in-picture; web-share\" referrerpolicy=\"strict-origin-when-cross-origin\" allowfullscreen><\/iframe>\n<\/div><\/figure>\n\n\n\n<hr class=\"wp-block-separator\"\/>\n\n\n\n<p> <strong><em>12.08.2020 &#8211;  Wakacje z UTW<\/em><\/strong> <\/p>\n\n\n\n<p class=\"has-text-align-center\"> <em>Prezes Krystyna Krzemi\u0144ska <\/em> <\/p>\n\n\n\n<figure class=\"wp-block-embed-youtube wp-block-embed is-type-video is-provider-youtube wp-embed-aspect-4-3 wp-has-aspect-ratio\"><div class=\"wp-block-embed__wrapper\">\n<iframe loading=\"lazy\" title=\"Wakacje z UTW - 12 08 2020\" width=\"500\" height=\"375\" src=\"https:\/\/www.youtube.com\/embed\/_X6DqI2IPoc?feature=oembed\" frameborder=\"0\" allow=\"accelerometer; autoplay; clipboard-write; encrypted-media; gyroscope; picture-in-picture; web-share\" referrerpolicy=\"strict-origin-when-cross-origin\" allowfullscreen><\/iframe>\n<\/div><\/figure>\n\n\n\n<p><strong><em>12.08.2020 &#8211;  Jak cieszy\u0107 si\u0119 d\u0142ugo dobr\u0105 pami\u0119ci\u0105<\/em><\/strong><\/p>\n\n\n\n<p class=\"has-text-align-center\"><em>mgr Urszula K\u0142osi\u0144ska <\/em><\/p>\n\n\n\n<figure class=\"wp-block-embed-facebook aligncenter wp-block-embed is-type-rich is-provider-facebook\"><div class=\"wp-block-embed__wrapper\">\nhttps:\/\/www.facebook.com\/permalink.php?story_fbid=659816474631188&#038;id=652469742032528\n<\/div><\/figure>\n\n\n\n<p><strong><em>5.08.2020 &#8211; Wst\u0119pniak<\/em><\/strong><\/p>\n\n\n\n<p class=\"has-text-align-center\"><em>Prezes Krystyna Krzemi\u0144ska <\/em><\/p>\n\n\n\n<figure class=\"wp-block-embed-youtube wp-block-embed is-type-video is-provider-youtube wp-embed-aspect-4-3 wp-has-aspect-ratio\"><div class=\"wp-block-embed__wrapper\">\n<iframe loading=\"lazy\" title=\"Wst\u0119pniak - wakacje z UTW - 5.08.2020\" width=\"500\" height=\"375\" src=\"https:\/\/www.youtube.com\/embed\/ixEvJSWn_-k?feature=oembed\" frameborder=\"0\" allow=\"accelerometer; autoplay; clipboard-write; encrypted-media; gyroscope; picture-in-picture; web-share\" referrerpolicy=\"strict-origin-when-cross-origin\" allowfullscreen><\/iframe>\n<\/div><\/figure>\n\n\n\n<p class=\"has-text-align-center\"><strong>5.08.2020 &#8211; <em>Czy w powie\u015bci &#8222;Inga i Mutek&#8221; mamy \u015bl\u0105skich Kolumb\u00f3w?<\/em><\/strong><\/p>\n\n\n\n<p class=\"has-text-align-center\"><em>mgr Marian Piegza<\/em><\/p>\n\n\n\n<figure class=\"wp-block-embed-youtube wp-block-embed is-type-video is-provider-youtube wp-embed-aspect-16-9 wp-has-aspect-ratio\"><div class=\"wp-block-embed__wrapper\">\n<iframe loading=\"lazy\" title=\"Wyk\u0142ad o ksi\u0105\u017cce &quot;Inga i Mutek&quot;\" width=\"500\" height=\"281\" src=\"https:\/\/www.youtube.com\/embed\/B2GYpwNe5yY?feature=oembed\" frameborder=\"0\" allow=\"accelerometer; autoplay; clipboard-write; encrypted-media; gyroscope; picture-in-picture; web-share\" referrerpolicy=\"strict-origin-when-cross-origin\" allowfullscreen><\/iframe>\n<\/div><\/figure>\n","protected":false},"excerpt":{"rendered":"<div class=\"mh-excerpt\"><p>30.09.2020 &#8211; Wakacje z UTW Prezes Krystyna Krzemi\u0144ska 30.09.2020 &#8211; Partycypacyjne spo\u0142ecze\u0144stwo obywatelskie we wsp\u00f3\u0142czesnej demokracji dr Marcin Gacek 23.09.2020 &#8211; Wakacje z UTW Prezes <a class=\"mh-excerpt-more\" href=\"http:\/\/xonit.eu\/utwswce\/wyklady-on-line\/\" title=\"Wakacje z UTW\">[&#8230;]<\/a><\/p>\n<\/div>","protected":false},"author":1,"featured_media":0,"parent":0,"menu_order":0,"comment_status":"closed","ping_status":"closed","template":"","meta":{"_vp_format_video_url":"","_vp_image_focal_point":[],"footnotes":""},"class_list":["post-1521","page","type-page","status-publish","hentry"],"_links":{"self":[{"href":"http:\/\/xonit.eu\/utwswce\/wp-json\/wp\/v2\/pages\/1521","targetHints":{"allow":["GET"]}}],"collection":[{"href":"http:\/\/xonit.eu\/utwswce\/wp-json\/wp\/v2\/pages"}],"about":[{"href":"http:\/\/xonit.eu\/utwswce\/wp-json\/wp\/v2\/types\/page"}],"author":[{"embeddable":true,"href":"http:\/\/xonit.eu\/utwswce\/wp-json\/wp\/v2\/users\/1"}],"replies":[{"embeddable":true,"href":"http:\/\/xonit.eu\/utwswce\/wp-json\/wp\/v2\/comments?post=1521"}],"version-history":[{"count":27,"href":"http:\/\/xonit.eu\/utwswce\/wp-json\/wp\/v2\/pages\/1521\/revisions"}],"predecessor-version":[{"id":1590,"href":"http:\/\/xonit.eu\/utwswce\/wp-json\/wp\/v2\/pages\/1521\/revisions\/1590"}],"wp:attachment":[{"href":"http:\/\/xonit.eu\/utwswce\/wp-json\/wp\/v2\/media?parent=1521"}],"curies":[{"name":"wp","href":"https:\/\/api.w.org\/{rel}","templated":true}]}}